{"id":4797,"date":"2023-11-26T09:12:18","date_gmt":"2023-11-26T09:12:18","guid":{"rendered":"https:\/\/server664076.nazwa.pl\/jia\/?page_id=4797"},"modified":"2024-09-23T11:19:09","modified_gmt":"2024-09-23T11:19:09","slug":"polityka-prywatnosci","status":"publish","type":"page","link":"https:\/\/www.jacek-agatka.pl\/uk\/polityka-prywatnosci\/","title":{"rendered":"\u041f\u043e\u043b\u0456\u0442\u0438\u043a\u0430 \u043a\u043e\u043d\u0444\u0456\u0434\u0435\u043d\u0446\u0456\u0439\u043d\u043e\u0441\u0442\u0456"},"content":{"rendered":"<h2 class=\"wp-block-heading\">Polityka prywatno\u015bci strony www.jacek-agatka.pl<\/h2>\n\n\n\n<h3 class=\"wp-block-heading\">1. Informacje og\u00f3lne.<\/h3>\n\n\n\n<ol class=\"wp-block-list\">\n<li>Operatorem strony internetowej jacek-gatka.pl jest Niepubliczne Przedszkole nr 278 &#8220;Jacek i Agatka&#8221;<br>ul. Godebskiego 2, 05-075 Warszawa-Weso\u0142a, tel. 697 72 74 73, tel. 22 773 72 17, przedszkole@jacek-agatka.pl<\/li>\n\n\n\n<li>Serwis realizuje funkcje pozyskiwania informacji o u\u017cytkownikach i ich zachowaniach w nast\u0119puj\u0105cy spos\u00f3b:\n<ol class=\"wp-block-list\">\n<li>Poprzez dobrowolnie wprowadzone w formularzach informacje<\/li>\n\n\n\n<li>Poprzez zapisywanie w urz\u0105dzeniach ko\u0144cowych pliki cookie (tzw. \u201cciasteczka\u201d).<\/li>\n\n\n\n<li><strong>Poprzez zapisywanie technicznych log\u00f3w na poziomie serwera www, obs\u0142ugiwanego przez ovh.pl (operator hostingu prowadzi swoj\u0105 stron\u0119 pod adresem https:\/\/www.ovh.pl. Operatorem jest OVH Sp. z o.o. z siedzib\u0105 we Wroc\u0142awiu)..<\/strong><\/li>\n<\/ol>\n<\/li>\n\n\n\n<li>W zakresie danych, b\u0119d\u0105cych danymi osobowymi w \u015bwietnie przepis\u00f3w o ochronie danych osobowych, administratorem danych jest operator strony internetowej.<\/li>\n<\/ol>\n\n\n\n<h3 class=\"wp-block-heading\">2. Informacje w formularzach.<\/h3>\n\n\n\n<ol class=\"wp-block-list\">\n<li>Serwis zbiera informacje podane dobrowolnie przez u\u017cytkownika.<\/li>\n\n\n\n<li>Serwis mo\u017ce zapisa\u0107 ponadto informacje o parametrach po\u0142\u0105czenia (oznaczenie czasu, adres IP)<\/li>\n\n\n\n<li>Dane w formularzu nie s\u0105 udost\u0119pniane podmiotom trzecim inaczej, ni\u017c za zgod\u0105 u\u017cytkownika.<\/li>\n\n\n\n<li>Dane podane w formularzu mog\u0105 stanowi\u0107 zbi\u00f3r danych osobowych, w\u00f3wczas taki zbi\u00f3r jest rejestrowany przez Operatora Serwisu w rejestrze prowadzonym przez Generalnego Inspektora Ochrony Danych Osobowych.<\/li>\n\n\n\n<li>Je\u015bli dane w formularzu umo\u017cliwiaj\u0105 identyfikacj\u0119 osoby fizycznej, to osoba taka ma prawdo do wgl\u0105du, modyfikacji i \u017c\u0105dania zaprzestania przetwarzania swoich danych w dowolnym momencie. Mo\u017cliwe jednak, \u017ce b\u0119dzie to powodowa\u0142o brak dost\u0119pu do niekt\u00f3rych funkcji serwisu.<\/li>\n\n\n\n<li>Dane podane w formularzu s\u0105 przetwarzane w celu wynikaj\u0105cym z funkcji konkretnego formularza, np. w celu dokonania procesu obs\u0142ugi zg\u0142oszenia serwisowego lub kontaktu handlowego.<\/li>\n\n\n\n<li>Portal klienta, udost\u0119pniany jest przez dostawc\u0119 zewn\u0119trznego. Przed za\u0142o\u017ceniem konta w portalu klienta, klient jest pytany o zgod\u0119.<\/li>\n\n\n\n<li>Dane podane w portalu klienta podlegaj\u0105 regulaminowi i polityce prywatno\u015bci, zawartej na stronie dostawcy portalu.<\/li>\n<\/ol>\n\n\n\n<h3 class=\"wp-block-heading\">3. Informacja o plikach cookies.<\/h3>\n\n\n\n<ol class=\"wp-block-list\">\n<li>Serwis korzysta z plik\u00f3w cookies.<\/li>\n\n\n\n<li>Pliki cookies (tzw. \u201eciasteczka\u201d) stanowi\u0105 dane informatyczne, w szczeg\u00f3lno\u015bci pliki tekstowe, kt\u00f3re przechowywane s\u0105 w urz\u0105dzeniu ko\u0144cowym U\u017cytkownika strony internetowej i przeznaczone s\u0105 do korzystania z niej. Pliki tego rodzaju zazwyczaj zawieraj\u0105 nazw\u0119 strony internetowej, z kt\u00f3rej pochodz\u0105, czas przechowywania ich na urz\u0105dzeniu ko\u0144cowym oraz unikalny numer.<\/li>\n\n\n\n<li>Podmiotem zamieszczaj\u0105cym na urz\u0105dzeniu ko\u0144cowym U\u017cytkownika strony internetowej pliki cookies oraz uzyskuj\u0105cym do nich dost\u0119p jest w\u0142a\u015bciciel strony internetowej lub podmioty z nim wsp\u00f3\u0142pracuj\u0105ce.<\/li>\n\n\n\n<li>Pliki cookies wykorzystywane s\u0105 w nast\u0119puj\u0105cych celach:\n<ol class=\"wp-block-list\">\n<li>tworzenia statystyk, kt\u00f3re pomagaj\u0105 zrozumie\u0107, w jaki spos\u00f3b U\u017cytkownicy Serwisu korzystaj\u0105 ze stron internetowych, co umo\u017cliwia ulepszanie ich struktury i zawarto\u015bci;<\/li>\n\n\n\n<li>utrzymanie sesji U\u017cytkownika Serwisu (po zalogowaniu), dzi\u0119ki kt\u00f3rej U\u017cytkownik nie musi na ka\u017cdej podstronie Serwisu ponownie wpisywa\u0107 loginu i has\u0142a;<\/li>\n\n\n\n<li>okre\u015blania profilu u\u017cytkownika w celu wy\u015bwietlania mu dopasowanych materia\u0142\u00f3w w sieciach reklamowych, w szczeg\u00f3lno\u015bci sieci Google.<\/li>\n<\/ol>\n<\/li>\n\n\n\n<li>W ramach Serwisu stosowane s\u0105 dwa zasadnicze rodzaje plik\u00f3w cookies: \u201esesyjne\u201d (session cookies) oraz \u201esta\u0142e\u201d (persistent cookies). Cookies \u201esesyjne\u201d s\u0105 plikami tymczasowymi, kt\u00f3re przechowywane s\u0105 w urz\u0105dzeniu ko\u0144cowym U\u017cytkownika do czasu wylogowania, opuszczenia strony internetowej lub wy\u0142\u0105czenia oprogramowania (przegl\u0105darki internetowej). \u201eSta\u0142e\u201d pliki cookies przechowywane s\u0105 w urz\u0105dzeniu ko\u0144cowym U\u017cytkownika przez czas okre\u015blony w parametrach plik\u00f3w cookies lub do czasu ich usuni\u0119cia przez U\u017cytkownika.<\/li>\n\n\n\n<li>Oprogramowanie do przegl\u0105dania stron internetowych (przegl\u0105darka internetowa) zazwyczaj domy\u015blnie dopuszcza przechowywanie plik\u00f3w cookies w urz\u0105dzeniu ko\u0144cowym U\u017cytkownika. U\u017cytkownicy Serwisu mog\u0105 dokona\u0107 zmiany ustawie\u0144 w tym zakresie. Przegl\u0105darka internetowa umo\u017cliwia usuni\u0119cie plik\u00f3w cookies. Mo\u017cliwe jest tak\u017ce automatyczne blokowanie plik\u00f3w cookies Szczeg\u00f3\u0142owe informacje na ten temat zawiera pomoc lub dokumentacja przegl\u0105darki internetowej.<\/li>\n\n\n\n<li>Ograniczenia stosowania plik\u00f3w cookies mog\u0105 wp\u0142yn\u0105\u0107 na niekt\u00f3re funkcjonalno\u015bci dost\u0119pne na stronach internetowych Serwisu.<\/li>\n\n\n\n<li>Pliki cookies zamieszczane w urz\u0105dzeniu ko\u0144cowym U\u017cytkownika Serwisu i wykorzystywane mog\u0105 by\u0107 r\u00f3wnie\u017c przez wsp\u00f3\u0142pracuj\u0105cych z operatorem Serwisu reklamodawc\u00f3w oraz partner\u00f3w, a tak\u017ce operator\u00f3w p\u0142atno\u015bci.<\/li>\n\n\n\n<li>Zalecamy przeczytanie polityki ochrony prywatno\u015bci tych firm, aby pozna\u0107 zasady korzystania z plik\u00f3w cookie wykorzystywane w statystykach:&nbsp;<a href=\"https:\/\/www.google.pl\/intl\/pl\/analytics\/privacyoverview.html\" target=\"_blank\" rel=\"noreferrer noopener\">Polityka ochrony prywatno\u015bci Google Analytics<\/a><\/li>\n\n\n\n<li>Pliki cookie mog\u0105 by\u0107 wykorzystane przez sieci reklamowe, w szczeg\u00f3lno\u015bci sie\u0107 Google, do wy\u015bwietlenia reklam dopasowanych do sposobu, w jaki u\u017cytkownik korzysta z Serwisu. W tym celu mog\u0105 zachowa\u0107 informacj\u0119 o \u015bcie\u017cce nawigacji u\u017cytkownika lub czasie pozostawania na danej stronie.<\/li>\n\n\n\n<li>W zakresie informacji o preferencjach u\u017cytkownika gromadzonych przez sie\u0107 reklamow\u0105 Google u\u017cytkownik mo\u017ce przegl\u0105da\u0107 i edytowa\u0107 informacje wynikaj\u0105ce z plik\u00f3w cookies przy pomocy narz\u0119dzia:&nbsp;<a href=\"https:\/\/www.google.com\/ads\/preferences\/\" target=\"_blank\" rel=\"noreferrer noopener\">https:\/\/www.google.com\/ads\/preferences\/<\/a><\/li>\n<\/ol>\n\n\n\n<h3 class=\"wp-block-heading\">4. Logi serwera.<\/h3>\n\n\n\n<ol class=\"wp-block-list\">\n<li>Informacje o niekt\u00f3rych zachowaniach u\u017cytkownik\u00f3w podlegaj\u0105 logowaniu w warstwie serwerowej. Dane te s\u0105 wykorzystywane wy\u0142\u0105cznie w celu administrowania serwisem oraz w celu zapewnienia jak najbardziej sprawnej obs\u0142ugi \u015bwiadczonych us\u0142ug hostingowych.<\/li>\n\n\n\n<li>Przegl\u0105dane zasoby identyfikowane s\u0105 poprzez adresy URL. Ponadto zapisowi mog\u0105 podlega\u0107:\n<ol class=\"wp-block-list\">\n<li>czas nadej\u015bcia zapytania,<\/li>\n\n\n\n<li>czas wys\u0142ania odpowiedzi,<\/li>\n\n\n\n<li>nazw\u0119 stacji klienta \u2013 identyfikacja realizowana przez protok\u00f3\u0142 HTTP,<\/li>\n\n\n\n<li>informacje o b\u0142\u0119dach jakie nast\u0105pi\u0142y przy realizacji transakcji HTTP,<\/li>\n\n\n\n<li>adres URL strony poprzednio odwiedzanej przez u\u017cytkownika (referer link) \u2013 w przypadku gdy przej\u015bcie do Serwisu nast\u0105pi\u0142o przez odno\u015bnik,<\/li>\n\n\n\n<li>informacje o przegl\u0105darce u\u017cytkownika,<\/li>\n\n\n\n<li>Informacje o adresie IP.<\/li>\n<\/ol>\n<\/li>\n\n\n\n<li>Dane powy\u017csze nie s\u0105 kojarzone z konkretnymi osobami przegl\u0105daj\u0105cymi strony.<\/li>\n\n\n\n<li>Dane powy\u017csze s\u0105 wykorzystywane jedynie dla cel\u00f3w administrowania serwerem.<\/li>\n<\/ol>\n\n\n\n<h3 class=\"wp-block-heading\">5. Udost\u0119pnienie i powierzenie przetwarzania danych.<\/h3>\n\n\n\n<ol class=\"wp-block-list\">\n<li>Dane podlegaj\u0105 udost\u0119pnieniu podmiotom zewn\u0119trznym wy\u0142\u0105cznie w granicach prawnie dozwolonych.<\/li>\n\n\n\n<li>Dane umo\u017cliwiaj\u0105ce identyfikacj\u0119 osoby fizycznej s\u0105 udost\u0119pniane wy\u0142\u0105czenie za zgod\u0105 tej osoby.<\/li>\n\n\n\n<li>Operator mo\u017ce mie\u0107 obowi\u0105zek udzielania informacji zebranych przez Serwis upowa\u017cnionym organom na podstawie zgodnych z prawem \u017c\u0105da\u0144 w zakresie wynikaj\u0105cym z \u017c\u0105dania.<\/li>\n<\/ol>\n\n\n\n<h3 class=\"wp-block-heading\">6. Zarz\u0105dzanie plikami cookies \u2013 jak w praktyce wyra\u017ca\u0107 i cofa\u0107 zgod\u0119?<\/h3>\n\n\n\n<ol class=\"wp-block-list\">\n<li>Je\u015bli u\u017cytkownik nie chce otrzymywa\u0107 plik\u00f3w cookies, mo\u017ce zmieni\u0107 ustawienia przegl\u0105darki. Zastrzegamy, \u017ce wy\u0142\u0105czenie obs\u0142ugi plik\u00f3w cookies niezb\u0119dnych dla proces\u00f3w uwierzytelniania, bezpiecze\u0144stwa, utrzymania preferencji u\u017cytkownika mo\u017ce utrudni\u0107, a w skrajnych przypadkach mo\u017ce uniemo\u017cliwi\u0107 korzystanie ze stron www<\/li>\n\n\n\n<li>W celu zarz\u0105dzania ustawieniami cookies wybierz z listy poni\u017cej przegl\u0105dark\u0119 internetow\u0105\/ system i post\u0119puj zgodnie z instrukcjami:\n<ol class=\"wp-block-list\">\n<li><a href=\"http:\/\/support.microsoft.com\/kb\/196955\" target=\"_blank\" rel=\"noreferrer noopener\">Internet Explorer<\/a><\/li>\n\n\n\n<li><a href=\"https:\/\/support.google.com\/chrome\/bin\/answer.py?hl=pl&amp;answer=95647\" target=\"_blank\" rel=\"noreferrer noopener\">Chrome<\/a><\/li>\n\n\n\n<li><a href=\"http:\/\/support.apple.com\/kb\/PH5042\" target=\"_blank\" rel=\"noreferrer noopener\">Safari<\/a><\/li>\n\n\n\n<li><a href=\"http:\/\/support.mozilla.org\/pl\/kb\/W%C5%82%C4%85czanie%20i%20wy%C5%82%C4%85czanie%20obs%C5%82ugi%20ciasteczek\" target=\"_blank\" rel=\"noreferrer noopener\">Firefox<\/a><\/li>\n\n\n\n<li><a href=\"http:\/\/help.opera.com\/Windows\/12.10\/pl\/cookies.html\" target=\"_blank\" rel=\"noreferrer noopener\">Opera<\/a><\/li>\n\n\n\n<li><a href=\"https:\/\/support.google.com\/chrome\/bin\/answer.py?hl=pl&amp;answer=95647\" target=\"_blank\" rel=\"noreferrer noopener\">Android<\/a><\/li>\n\n\n\n<li><a href=\"http:\/\/support.apple.com\/kb\/HT1677?viewlocale=pl_PL\" target=\"_blank\" rel=\"noreferrer noopener\">Safari (iOS)<\/a><\/li>\n\n\n\n<li><a href=\"http:\/\/www.windowsphone.com\/pl-pl\/how-to\/wp7\/web\/changing-privacy-and-other-browser-settings\" target=\"_blank\" rel=\"noreferrer noopener\">Windows Phone<\/a><\/li>\n\n\n\n<li><a href=\"http:\/\/docs.blackberry.com\/en\/smartphone_users\/deliverables\/32004\/Turn_off_cookies_in_the_browser_60_1072866_11.jsp\" target=\"_blank\" rel=\"noreferrer noopener\">Blackberry<\/a><\/li>\n<\/ol>\n<\/li>\n<\/ol>","protected":false},"excerpt":{"rendered":"<p>Polityka prywatno\u015bci strony www.jacek-agatka.pl 1. Informacje og\u00f3lne. 2. Informacje w formularzach. 3. Informacja o plikach cookies. 4. Logi serwera. 5. Udost\u0119pnienie i powierzenie przetwarzania danych. 6. Zarz\u0105dzanie plikami cookies \u2013 jak w praktyce wyra\u017ca\u0107 i cofa\u0107 zgod\u0119?<\/p>","protected":false},"author":1,"featured_media":0,"parent":0,"menu_order":0,"comment_status":"closed","ping_status":"closed","template":"","meta":{"footnotes":""},"class_list":["post-4797","page","type-page","status-publish","hentry"],"_links":{"self":[{"href":"https:\/\/www.jacek-agatka.pl\/uk\/wp-json\/wp\/v2\/pages\/4797","targetHints":{"allow":["GET"]}}],"collection":[{"href":"https:\/\/www.jacek-agatka.pl\/uk\/wp-json\/wp\/v2\/pages"}],"about":[{"href":"https:\/\/www.jacek-agatka.pl\/uk\/wp-json\/wp\/v2\/types\/page"}],"author":[{"embeddable":true,"href":"https:\/\/www.jacek-agatka.pl\/uk\/wp-json\/wp\/v2\/users\/1"}],"replies":[{"embeddable":true,"href":"https:\/\/www.jacek-agatka.pl\/uk\/wp-json\/wp\/v2\/comments?post=4797"}],"version-history":[{"count":1,"href":"https:\/\/www.jacek-agatka.pl\/uk\/wp-json\/wp\/v2\/pages\/4797\/revisions"}],"predecessor-version":[{"id":4798,"href":"https:\/\/www.jacek-agatka.pl\/uk\/wp-json\/wp\/v2\/pages\/4797\/revisions\/4798"}],"wp:attachment":[{"href":"https:\/\/www.jacek-agatka.pl\/uk\/wp-json\/wp\/v2\/media?parent=4797"}],"curies":[{"name":"wp","href":"https:\/\/api.w.org\/{rel}","templated":true}]}}