{"id":4831,"date":"2024-01-02T10:50:24","date_gmt":"2024-01-02T10:50:24","guid":{"rendered":"https:\/\/server664076.nazwa.pl\/jia\/?page_id=4831"},"modified":"2024-09-23T11:19:20","modified_gmt":"2024-09-23T11:19:20","slug":"o-przedszkolu","status":"publish","type":"page","link":"https:\/\/www.jacek-agatka.pl\/uk\/o-przedszkolu\/","title":{"rendered":"\u041f\u0440\u043e \u0434\u0438\u0442\u044f\u0447\u0438\u0439 \u0441\u0430\u0434\u043e\u043a"},"content":{"rendered":"<div data-elementor-type=\"wp-page\" data-elementor-id=\"4831\" class=\"elementor elementor-4831\">\n\t\t\t\t        <section class=\"elementor-section elementor-top-section elementor-element elementor-element-251df20 elementor-section-boxed elementor-section-height-default elementor-section-height-default\" data-id=\"251df20\" data-element_type=\"section\">\n\t\t\n\t\t        <div class=\"elementor-container elementor-column-gap-default\" >\n\t\t        <div class=\"elementor-column elementor-col-100 elementor-top-column elementor-element elementor-element-21575b4\" data-id=\"21575b4\" data-element_type=\"column\">\n            <div class=\"elementor-widget-wrap elementor-element-populated\">\n                \t\t<div class=\"elementor-element elementor-element-087a7c1 elementor-widget elementor-widget-cms_image_single\" data-id=\"087a7c1\" data-element_type=\"widget\" data-widget_type=\"cms_image_single.default\">\n\t\t\t\t<div class=\"elementor-widget-container\">\n\t\t\t\t\t<div class=\"cms-image-single animation-none wow flash\">\n            <div class=\"cms-img-box\">\n                            <img fetchpriority=\"high\" decoding=\"async\" width=\"512\" height=\"512\" src=\"https:\/\/www.jacek-agatka.pl\/wp-content\/uploads\/2020\/08\/kindergarten.png\" class=\"attachment-full size-full wp-image-1687\" alt=\"Kindori\" srcset=\"https:\/\/www.jacek-agatka.pl\/wp-content\/uploads\/2020\/08\/kindergarten.png 512w, https:\/\/www.jacek-agatka.pl\/wp-content\/uploads\/2020\/08\/kindergarten-500x500.png 500w, https:\/\/www.jacek-agatka.pl\/wp-content\/uploads\/2020\/08\/kindergarten-300x300.png 300w, https:\/\/www.jacek-agatka.pl\/wp-content\/uploads\/2020\/08\/kindergarten-150x150.png 150w, https:\/\/www.jacek-agatka.pl\/wp-content\/uploads\/2020\/08\/kindergarten-160x160.png 160w, https:\/\/www.jacek-agatka.pl\/wp-content\/uploads\/2020\/08\/kindergarten-70x70.png 70w, https:\/\/www.jacek-agatka.pl\/wp-content\/uploads\/2020\/08\/kindergarten-460x460.png 460w\" sizes=\"(max-width: 512px) 100vw, 512px\" \/>                    <\/div>\n    <\/div>\t\t\t\t<\/div>\n\t\t\t\t<\/div>\n\t\t\t\t<div class=\"elementor-element elementor-element-a476771 elementor-widget elementor-widget-cms_heading\" data-id=\"a476771\" data-element_type=\"widget\" data-widget_type=\"cms_heading.default\">\n\t\t\t\t<div class=\"elementor-widget-container\">\n\t\t\t\t\t<div class=\"cms-heading-wrapper cms-heading-layout1\">\n    \n            <h3 class=\"custom-heading\">\n            <span                 >\n                \u041f\u0440\u043e \u0434\u0438\u0442\u044f\u0447\u0438\u0439 \u0441\u0430\u0434\u043e\u043a<\/span>\n        <\/h3>\n        \n            <div class=\"custom-heading-description\">\n            \u0423 \u043d\u0430\u0448\u043e\u043c\u0443 \u0434\u0438\u0442\u044f\u0447\u043e\u043c\u0443 \u0441\u0430\u0434\u043a\u0443 \u043c\u0438 \u043f\u0438\u0448\u0430\u0454\u043c\u043e\u0441\u044f \u0434\u043e\u0441\u0432\u0456\u0434\u0447\u0435\u043d\u0438\u043c \u0442\u0430 \u0432\u0456\u0434\u0434\u0430\u043d\u0438\u043c \u043f\u0435\u0434\u0430\u0433\u043e\u0433\u0456\u0447\u043d\u0438\u043c \u043f\u0435\u0440\u0441\u043e\u043d\u0430\u043b\u043e\u043c, \u044f\u043a\u0438\u0439 \u0449\u043e\u0434\u043d\u044f \u0437 \u0432\u0435\u043b\u0438\u043a\u0438\u043c \u0437\u0430\u0445\u043e\u043f\u043b\u0435\u043d\u043d\u044f\u043c \u043f\u0456\u0434\u0442\u0440\u0438\u043c\u0443\u0454 \u0456\u043d\u0434\u0438\u0432\u0456\u0434\u0443\u0430\u043b\u044c\u043d\u0438\u0439 \u0440\u043e\u0437\u0432\u0438\u0442\u043e\u043a \u043d\u0430\u0448\u0438\u0445 \u0434\u0456\u0442\u0435\u0439, \u0441\u0442\u0432\u043e\u0440\u044e\u044e\u0447\u0438 \u0441\u0435\u0440\u0435\u0434\u043e\u0432\u0438\u0449\u0435, \u0441\u043f\u0440\u0438\u044f\u044e\u0447\u0435 \u043d\u0430\u0432\u0447\u0430\u043d\u043d\u044e \u0442\u0430 \u0433\u0440\u0456.        <\/div>\n    <\/div>\t\t\t\t<\/div>\n\t\t\t\t<\/div>\n\t\t\t\t<div class=\"elementor-element elementor-element-e34f1c6 elementor-widget elementor-widget-cms_image_single\" data-id=\"e34f1c6\" data-element_type=\"widget\" data-widget_type=\"cms_image_single.default\">\n\t\t\t\t<div class=\"elementor-widget-container\">\n\t\t\t\t\t<div class=\"cms-image-single animation-none wow flash\">\n            <div class=\"cms-img-box\">\n                            <img decoding=\"async\" width=\"99\" height=\"23\" src=\"https:\/\/www.jacek-agatka.pl\/wp-content\/uploads\/2020\/08\/image-bee.png\" class=\"attachment-full size-full wp-image-849\" alt=\"Kindori\" \/>                    <\/div>\n    <\/div>\t\t\t\t<\/div>\n\t\t\t\t<\/div>\n\t\t            <\/div>\n        <\/div>\n        \t\t\t<\/div>\n\t\t<\/section>\n\t\t<div class=\"elementor-element elementor-element-96c6f97 e-flex e-con-boxed e-con e-parent\" data-id=\"96c6f97\" data-element_type=\"container\">\n\t\t\t\t\t<div class=\"e-con-inner\">\n\t\t<div class=\"elementor-element elementor-element-144449c e-con-full e-flex e-con e-child\" data-id=\"144449c\" data-element_type=\"container\">\n\t\t\t\t<div class=\"elementor-element elementor-element-812a36e elementor-widget elementor-widget-text-editor\" data-id=\"812a36e\" data-element_type=\"widget\" data-widget_type=\"text-editor.default\">\n\t\t\t\t<div class=\"elementor-widget-container\">\n\t\t\t\t\t\t\t\t\t\u041f\u0440\u0438\u0432\u0430\u0442\u043d\u0438\u0439 \u0434\u0438\u0442\u044f\u0447\u0438\u0439 \u0441\u0430\u0434\u043e\u043a \u00ab\u042f\u0446\u0435\u043a \u0456 \u0410\u0433\u0430\u0442\u043a\u0430\u00bb \u0443 \u0412\u0430\u0440\u0448\u0430\u0432\u0456-\u0412\u0435\u0441\u043e\u043b\u0456 \u0444\u0443\u043d\u043a\u0446\u0456\u043e\u043d\u0443\u0454 \u0437 2011 \u0440\u043e\u043a\u0443.<br\/>\n\u0412\u0456\u043d \u0431\u0443\u0432 \u0441\u0442\u0432\u043e\u0440\u0435\u043d\u0438\u0439 \u0437 \u043b\u044e\u0431\u043e\u0432\u0456 \u0434\u043e \u0434\u0456\u0442\u0435\u0439 \u0456 \u0431\u0430\u0436\u0430\u043d\u043d\u044f \u0440\u043e\u0437\u0432\u0438\u0432\u0430\u0442\u0438 \u0457\u0445\u043d\u0456\u0439 \u0456\u043d\u0434\u0438\u0432\u0456\u0434\u0443\u0430\u043b\u044c\u043d\u0438\u0439 \u043f\u043e\u0442\u0435\u043d\u0446\u0456\u0430\u043b.\n<br\/><br\/>\n\u0414\u0438\u0442\u044f\u0447\u0438\u0439 \u0441\u0430\u0434\u043e\u043a \u0454 \u043d\u0435\u0432\u0435\u043b\u0438\u043a\u0438\u043c \u0456 \u0437\u0430\u0442\u0438\u0448\u043d\u0438\u043c \u043c\u0456\u0441\u0446\u0435\u043c, \u043f\u0440\u0438\u0437\u043d\u0430\u0447\u0435\u043d\u0438\u043c \u0434\u043b\u044f \u0434\u0456\u0442\u0435\u0439 \u0432\u0456\u0434 2 \u0434\u043e 6 \u0440\u043e\u043a\u0456\u0432, \u0434\u0435 \u043a\u043e\u0436\u043d\u0430 \u0434\u0438\u0442\u0438\u043d\u0430 \u043f\u043e\u0447\u0443\u0432\u0430\u0454\u0442\u044c\u0441\u044f \u0432 \u0431\u0435\u0437\u043f\u0435\u0446\u0456. \u0414\u043e\u043c\u0430\u0448\u043d\u044f \u0430\u0442\u043c\u043e\u0441\u0444\u0435\u0440\u0430, \u0442\u0435\u043f\u043b\u0438\u0439, \u0437\u0430\u0442\u0438\u0448\u043d\u0438\u0439 \u0456 \u043c\u0430\u043b\u0435\u043d\u044c\u043a\u0438\u0439 \u0456\u043d\u0442\u0435\u0440'\u0454\u0440 \u0434\u0438\u0442\u044f\u0447\u043e\u0433\u043e \u0441\u0430\u0434\u043a\u0430 \u0437\u0430\u0431\u0435\u0437\u043f\u0435\u0447\u0443\u044e\u0442\u044c \u043b\u0435\u0433\u043a\u0443 \u0430\u0434\u0430\u043f\u0442\u0430\u0446\u0456\u044e \u0434\u0456\u0442\u0435\u0439 \u0434\u043e \u0443\u043c\u043e\u0432 \u0456 \u0434\u043e\u043f\u043e\u043c\u0430\u0433\u0430\u044e\u0442\u044c \u0457\u043c \u0437\u0430\u043b\u0438\u0448\u0430\u0442\u0438\u0441\u044f \u043f\u0456\u0434 \u043e\u043f\u0456\u043a\u043e\u044e \u043f\u0435\u0440\u0441\u043e\u043d\u0430\u043b\u0443 \u0437 \u0443\u0441\u043c\u0456\u0448\u043a\u043e\u044e.\n<br\/><br\/>\n\u0414\u0438\u0442\u044f\u0447\u0438\u0439 \u0441\u0430\u0434\u043e\u043a \u043c\u0430\u0454 2 \u0441\u0432\u0456\u0442\u043b\u0456, \u0434\u043e\u0431\u0440\u0435 \u043e\u0441\u0432\u0456\u0442\u043b\u0435\u043d\u0456 \u043f\u0440\u0438\u0440\u043e\u0434\u043d\u0438\u043c \u0441\u0432\u0456\u0442\u043b\u043e\u043c \u043d\u0430\u0432\u0447\u0430\u043b\u044c\u043d\u0456 \u043a\u0456\u043c\u043d\u0430\u0442\u0438, \u043e\u0441\u043d\u0430\u0449\u0435\u043d\u0456 \u0456\u043d\u0442\u0435\u0440\u0430\u043a\u0442\u0438\u0432\u043d\u043e\u044e \u0434\u043e\u0448\u043a\u043e\u044e, \u043e\u0447\u0438\u0449\u0443\u0432\u0430\u0447\u0430\u043c\u0438 \u043f\u043e\u0432\u0456\u0442\u0440\u044f, \u043a\u043e\u043d\u0434\u0438\u0446\u0456\u043e\u043d\u0435\u0440\u0430\u043c\u0438 \u0442\u0430 \u043f\u0456\u0430\u043d\u0456\u043d\u043e.\n<br\/><br\/>\n\u0414\u043e \u0431\u0443\u0434\u0456\u0432\u043b\u0456 \u043c\u043e\u0436\u043d\u0430 \u0443\u0432\u0456\u0439\u0442\u0438 \u0441\u0445\u043e\u0434\u0430\u043c\u0438 \u0430\u0431\u043e \u0441\u043a\u043e\u0440\u0438\u0441\u0442\u0430\u0442\u0438\u0441\u044f \u043f\u0430\u043d\u0434\u0443\u0441\u043e\u043c, \u043f\u0440\u0438\u0441\u0442\u043e\u0441\u043e\u0432\u0430\u043d\u0438\u043c \u0434\u043b\u044f \u043b\u044e\u0434\u0435\u0439 \u0437 \u0456\u043d\u0432\u0430\u043b\u0456\u0434\u043d\u0456\u0441\u0442\u044e \u0442\u0430 \u043a\u043e\u043b\u044f\u0441\u043e\u043a.\n<br\/><br\/>\n\u0414\u0438\u0442\u044f\u0447\u0438\u0439 \u0441\u0430\u0434\u043e\u043a \u043c\u0430\u0454 \u0432\u043b\u0430\u0441\u043d\u0438\u0439 \u0456\u0433\u0440\u043e\u0432\u0438\u0439 \u043c\u0430\u0439\u0434\u0430\u043d\u0447\u0438\u043a, \u044f\u043a\u0438\u0439 \u0441\u043f\u0440\u0438\u044f\u0454 \u0440\u043e\u0437\u0432\u0438\u0442\u043a\u0443 \u0444\u0456\u0437\u0438\u0447\u043d\u043e\u0457 \u0430\u043a\u0442\u0438\u0432\u043d\u043e\u0441\u0442\u0456, \u043e\u0431\u043b\u0430\u0434\u043d\u0430\u043d\u0438\u0439 \u043b\u0438\u0448\u0435 \u0456\u0433\u0440\u0430\u0448\u043a\u0430\u043c\u0438 \u0442\u0430 \u043e\u0431\u043b\u0430\u0434\u043d\u0430\u043d\u043d\u044f\u043c \u0437 \u0441\u0435\u0440\u0442\u0438\u0444\u0456\u043a\u0430\u0442\u0430\u043c\u0438 \u0442\u0430 \u0430\u0442\u0435\u0441\u0442\u0430\u0442\u0430\u043c\u0438.\t\t\t\t\t\t\t\t<\/div>\n\t\t\t\t<\/div>\n\t\t\t\t<\/div>\n\t\t\t\t\t<\/div>\n\t\t\t\t<\/div>\n\t\t\t\t<\/div>","protected":false},"excerpt":{"rendered":"<p>O przedszkolu W naszym przedszkolu szczycimy si\u0119 do\u015bwiadczon\u0105 i pe\u0142n\u0105 pasji kadr\u0105 pedagogiczn\u0105, kt\u00f3ra ka\u017cdego dnia z zaanga\u017cowaniem wspiera indywidualny rozw\u00f3j naszych przedszkolak\u00f3w, tworz\u0105c \u015brodowisko sprzyjaj\u0105ce nauce i zabawie. Niepubliczne Przedszkole Jacek i Agatka w Warszawie Weso\u0142ej funkcjonuje od 2011 roku. Powsta\u0142o z mi\u0142o\u015bci do dzieci i ch\u0119ci do rozwijania ich indywidualnego potencja\u0142u. Przedszkole jest [&hellip;]<\/p>","protected":false},"author":1,"featured_media":0,"parent":0,"menu_order":0,"comment_status":"closed","ping_status":"closed","template":"","meta":{"footnotes":""},"class_list":["post-4831","page","type-page","status-publish","hentry"],"_links":{"self":[{"href":"https:\/\/www.jacek-agatka.pl\/uk\/wp-json\/wp\/v2\/pages\/4831","targetHints":{"allow":["GET"]}}],"collection":[{"href":"https:\/\/www.jacek-agatka.pl\/uk\/wp-json\/wp\/v2\/pages"}],"about":[{"href":"https:\/\/www.jacek-agatka.pl\/uk\/wp-json\/wp\/v2\/types\/page"}],"author":[{"embeddable":true,"href":"https:\/\/www.jacek-agatka.pl\/uk\/wp-json\/wp\/v2\/users\/1"}],"replies":[{"embeddable":true,"href":"https:\/\/www.jacek-agatka.pl\/uk\/wp-json\/wp\/v2\/comments?post=4831"}],"version-history":[{"count":34,"href":"https:\/\/www.jacek-agatka.pl\/uk\/wp-json\/wp\/v2\/pages\/4831\/revisions"}],"predecessor-version":[{"id":5059,"href":"https:\/\/www.jacek-agatka.pl\/uk\/wp-json\/wp\/v2\/pages\/4831\/revisions\/5059"}],"wp:attachment":[{"href":"https:\/\/www.jacek-agatka.pl\/uk\/wp-json\/wp\/v2\/media?parent=4831"}],"curies":[{"name":"wp","href":"https:\/\/api.w.org\/{rel}","templated":true}]}}