{"id":4914,"date":"2024-01-03T21:28:48","date_gmt":"2024-01-03T21:28:48","guid":{"rendered":"https:\/\/server664076.nazwa.pl\/jia\/?page_id=4914"},"modified":"2024-09-23T11:19:32","modified_gmt":"2024-09-23T11:19:32","slug":"rytm-dnia","status":"publish","type":"page","link":"https:\/\/www.jacek-agatka.pl\/uk\/rytm-dnia\/","title":{"rendered":"\u0420\u043e\u0437\u043f\u043e\u0440\u044f\u0434\u043e\u043a \u0434\u043d\u044f"},"content":{"rendered":"<div data-elementor-type=\"wp-page\" data-elementor-id=\"4914\" class=\"elementor elementor-4914\">\n\t\t\t\t        <section class=\"elementor-section elementor-top-section elementor-element elementor-element-9c599fe elementor-section-boxed elementor-section-height-default elementor-section-height-default\" data-id=\"9c599fe\" data-element_type=\"section\">\n\t\t\n\t\t        <div class=\"elementor-container elementor-column-gap-default\" >\n\t\t        <div class=\"elementor-column elementor-col-100 elementor-top-column elementor-element elementor-element-881b9d8\" data-id=\"881b9d8\" data-element_type=\"column\">\n            <div class=\"elementor-widget-wrap elementor-element-populated\">\n                \t\t<div class=\"elementor-element elementor-element-4837d02 elementor-widget elementor-widget-cms_image_single\" data-id=\"4837d02\" data-element_type=\"widget\" data-widget_type=\"cms_image_single.default\">\n\t\t\t\t<div class=\"elementor-widget-container\">\n\t\t\t\t\t<div class=\"cms-image-single animation-none wow flash\">\n            <div class=\"cms-img-box\">\n                            <img fetchpriority=\"high\" decoding=\"async\" width=\"512\" height=\"512\" src=\"https:\/\/www.jacek-agatka.pl\/wp-content\/uploads\/2020\/08\/kindergarten.png\" class=\"attachment-full size-full wp-image-1687\" alt=\"Kindori\" srcset=\"https:\/\/www.jacek-agatka.pl\/wp-content\/uploads\/2020\/08\/kindergarten.png 512w, https:\/\/www.jacek-agatka.pl\/wp-content\/uploads\/2020\/08\/kindergarten-500x500.png 500w, https:\/\/www.jacek-agatka.pl\/wp-content\/uploads\/2020\/08\/kindergarten-300x300.png 300w, https:\/\/www.jacek-agatka.pl\/wp-content\/uploads\/2020\/08\/kindergarten-150x150.png 150w, https:\/\/www.jacek-agatka.pl\/wp-content\/uploads\/2020\/08\/kindergarten-160x160.png 160w, https:\/\/www.jacek-agatka.pl\/wp-content\/uploads\/2020\/08\/kindergarten-70x70.png 70w, https:\/\/www.jacek-agatka.pl\/wp-content\/uploads\/2020\/08\/kindergarten-460x460.png 460w\" sizes=\"(max-width: 512px) 100vw, 512px\" \/>                    <\/div>\n    <\/div>\t\t\t\t<\/div>\n\t\t\t\t<\/div>\n\t\t\t\t<div class=\"elementor-element elementor-element-73a7b96 elementor-widget elementor-widget-cms_heading\" data-id=\"73a7b96\" data-element_type=\"widget\" data-widget_type=\"cms_heading.default\">\n\t\t\t\t<div class=\"elementor-widget-container\">\n\t\t\t\t\t<div class=\"cms-heading-wrapper cms-heading-layout1\">\n    \n            <h3 class=\"custom-heading\">\n            <span                 >\n                \u0420\u043e\u0437\u043f\u043e\u0440\u044f\u0434\u043e\u043a \u0434\u043d\u044f<\/span>\n        <\/h3>\n        \n            <div class=\"custom-heading-description\">\n            \u041c\u0438 \u0437\u0430\u0431\u0435\u0437\u043f\u0435\u0447\u0443\u0454\u043c\u043e \u0434\u0456\u0442\u044f\u043c \u0434\u043d\u0456, \u0441\u043f\u043e\u0432\u043d\u0435\u043d\u0456 \u043d\u0430\u0432\u0447\u0430\u043d\u043d\u044f, \u0440\u043e\u0437\u0432\u0430\u0433 \u0442\u0430 \u0432\u0456\u0434\u043a\u0440\u0438\u0442\u0442\u0456\u0432, \u0434\u0435 \u043a\u043e\u0436\u043d\u0430 \u0433\u043e\u0434\u0438\u043d\u0430 \u043f\u0440\u0438\u043d\u043e\u0441\u0438\u0442\u044c \u043d\u043e\u0432\u0456, \u0440\u0435\u0442\u0435\u043b\u044c\u043d\u043e \u0441\u043f\u043b\u0430\u043d\u043e\u0432\u0430\u043d\u0456 \u0437\u0430\u0445\u043e\u0434\u0438, \u0432\u0456\u0434\u043f\u043e\u0432\u0456\u0434\u043d\u0456 \u0457\u0445 \u0432\u0456\u043a\u0443 \u0442\u0430 \u0440\u043e\u0437\u0432\u0438\u0442\u043a\u0443.        <\/div>\n    <\/div>\t\t\t\t<\/div>\n\t\t\t\t<\/div>\n\t\t\t\t<div class=\"elementor-element elementor-element-f183a99 elementor-widget elementor-widget-cms_image_single\" data-id=\"f183a99\" data-element_type=\"widget\" data-widget_type=\"cms_image_single.default\">\n\t\t\t\t<div class=\"elementor-widget-container\">\n\t\t\t\t\t<div class=\"cms-image-single animation-none wow flash\">\n            <div class=\"cms-img-box\">\n                            <img decoding=\"async\" width=\"99\" height=\"23\" src=\"https:\/\/www.jacek-agatka.pl\/wp-content\/uploads\/2020\/08\/image-bee.png\" class=\"attachment-full size-full wp-image-849\" alt=\"Kindori\" \/>                    <\/div>\n    <\/div>\t\t\t\t<\/div>\n\t\t\t\t<\/div>\n\t\t\t\t<div class=\"elementor-element elementor-element-76cb2c7 elementor-widget elementor-widget-cms_text_box\" data-id=\"76cb2c7\" data-element_type=\"widget\" data-widget_type=\"cms_text_box.default\">\n\t\t\t\t<div class=\"elementor-widget-container\">\n\t\t\t\t\t<div class=\"cms-textbox\">\n    \n            <div class=\"box-excerpt\">\n            \u0414\u0438\u0442\u044f\u0447\u0438\u0439 \u0441\u0430\u0434\u043e\u043a \u0432\u0456\u0434\u043a\u0440\u0438\u0442\u0438\u0439 \u0437 7.30 \u0434\u043e 17.00. \u041a\u043e\u0436\u0435\u043d \u0434\u0435\u043d\u044c \u0441\u043f\u043b\u0430\u043d\u043e\u0432\u0430\u043d\u0438\u0439 \u0442\u0430 \u0446\u0456\u043a\u0430\u0432\u0438\u0439, \u043d\u0430\u0441\u0438\u0447\u0435\u043d\u0438\u0439 \u0440\u0456\u0437\u043d\u043e\u043c\u0430\u043d\u0456\u0442\u043d\u0438\u043c\u0438 \u0430\u043a\u0442\u0438\u0432\u043d\u043e\u0441\u0442\u044f\u043c\u0438.        <\/div>\n    <\/div>\n\t\t\t\t<\/div>\n\t\t\t\t<\/div>\n\t\t\t\t<div class=\"elementor-element elementor-element-fd59c48 elementor-widget elementor-widget-spacer\" data-id=\"fd59c48\" data-element_type=\"widget\" data-widget_type=\"spacer.default\">\n\t\t\t\t<div class=\"elementor-widget-container\">\n\t\t\t\t\t\t\t<div class=\"elementor-spacer\">\n\t\t\t<div class=\"elementor-spacer-inner\"><\/div>\n\t\t<\/div>\n\t\t\t\t\t\t<\/div>\n\t\t\t\t<\/div>\n\t\t\t\t<div class=\"elementor-element elementor-element-5ac1766 elementor-widget elementor-widget-html\" data-id=\"5ac1766\" data-element_type=\"widget\" data-widget_type=\"html.default\">\n\t\t\t\t<div class=\"elementor-widget-container\">\n\t\t\t\t\t<table border='1' style=\"border: 1px solid #0049B1;\">\n<tr>\n  <th style=\"border: 1px solid #0049B1;\">\u0413\u043e\u0434\u0438\u043d\u0438<\/th>\n  <th style=\"border: 1px solid #0049B1;\">\u0414\u0456\u044f\u043b\u044c\u043d\u0456\u0441\u0442\u044c \u0434\u0456\u0442\u0435\u0439 2-3 \u0440\u043e\u043a\u0456\u0432<\/th>\n  <th style=\"border: 1px solid #0049B1;\">\u0414\u0456\u044f\u043b\u044c\u043d\u0456\u0441\u0442\u044c \u0434\u0456\u0442\u0435\u0439 4-5 \u0440\u043e\u043a\u0456\u0432<\/th>\n<\/tr>\n<tr style=\"border: 1px solid #0049B1;\">\n  <td style=\"border: 1px solid #0049B1;\">7.30-8.50<\/td>\n  <td colspan='2' style=\"border: 1px solid #0049B1;\">\u041f\u0440\u0438\u0445\u0456\u0434 \u0434\u0456\u0442\u0435\u0439, \u0434\u043e\u0433\u043b\u044f\u0434\u043e\u0432\u0456 \u0437\u0430\u043d\u044f\u0442\u0442\u044f. \u0421\u0430\u043c\u043e\u0441\u0442\u0456\u0439\u043d\u0456 \u0456\u0433\u0440\u0438 - \u0441\u0442\u0432\u043e\u0440\u0435\u043d\u043d\u044f \u0443\u043c\u043e\u0432 \u0434\u043b\u044f \u0432\u0456\u043b\u044c\u043d\u043e\u0433\u043e \u0440\u043e\u0437\u0432\u0438\u0442\u043a\u0443, \u0440\u043e\u0437\u043c\u043e\u0432\u0438 \u043d\u0430 \u0431\u043b\u0438\u0437\u044c\u043a\u0456 \u0434\u0456\u0442\u044f\u043c \u0442\u0435\u043c\u0438. \u041f\u0456\u0434\u0433\u043e\u0442\u043e\u0432\u043a\u0430 \u0434\u043e \u0441\u043d\u0456\u0434\u0430\u043d\u043a\u0443. \u041f\u0440\u0438\u0432\u0456\u0442\u0430\u043b\u044c\u043d\u0456 \u0456\u0433\u0440\u0438.<\/td>\n<\/tr>\n<tr style=\"border: 1px solid #0049B1;\">\n  <td style=\"border: 1px solid #0049B1;\">9.00- 9.20<\/td>\n  <td colspan='2' style=\"border: 1px solid #0049B1;\">\u0421\u043d\u0456\u0434\u0430\u043d\u043e\u043a. \u0413\u0456\u0433\u0456\u0454\u043d\u0456\u0447\u043d\u0456 \u043f\u0440\u043e\u0446\u0435\u0434\u0443\u0440\u0438 \u0432 \u0432\u0430\u043d\u043d\u0456\u0439 \u043a\u0456\u043c\u043d\u0430\u0442\u0456.<\/td>\n<\/tr>\n<tr style=\"border: 1px solid #0049B1;\">\n  <td style=\"border: 1px solid #0049B1;\">9.30- 10.30 <\/td>\n  <td colspan='2' style=\"border: 1px solid #0049B1;\">\u0413\u0440\u0443\u043f\u043e\u0432\u0456 \u0456\u0433\u0440\u0438 \u043d\u0430 \u043e\u0441\u043d\u043e\u0432\u0456 \u043f\u0440\u043e\u0433\u0440\u0430\u043c\u0438 \u0434\u043e\u0448\u043a\u0456\u043b\u044c\u043d\u043e\u0433\u043e \u0432\u0438\u0445\u043e\u0432\u0430\u043d\u043d\u044f. \u041e\u0440\u0433\u0430\u043d\u0456\u0437\u0430\u0446\u0456\u044f \u043c\u043e\u0432\u043d\u0438\u0445, \u043c\u0443\u0437\u0438\u0447\u043d\u0438\u0445, \u043c\u0430\u0442\u0435\u043c\u0430\u0442\u0438\u0447\u043d\u0438\u0445, \u043b\u043e\u0433\u043e\u043f\u0435\u0434\u0438\u0447\u043d\u0438\u0445\/\u0434\u0438\u0434\u0430\u043a\u0442\u0438\u0447\u043d\u0438\u0445 \u0437\u0430\u043d\u044f\u0442\u044c (\u0442\u0432\u043e\u0440\u0447\u0438\u0445, \u0440\u0443\u0445\u043e\u0432\u0438\u0445, \u0441\u0442\u0438\u043c\u0443\u043b\u044e\u044e\u0447\u0438\u0445 \u0440\u043e\u0437\u0432\u0438\u0442\u043e\u043a \u0434\u0456\u0442\u0435\u0439).<\/td>\n<\/tr>\n<tr style=\"border: 1px solid #0049B1;\">\n  <td style=\"border: 1px solid #0049B1;\">10.30 \u2013 10.45<\/td>\n  <td colspan='2' style=\"border: 1px solid #0049B1;\">\u0414\u0440\u0443\u0433\u0438\u0439 \u0441\u043d\u0456\u0434\u0430\u043d\u043e\u043a. \u041f\u0456\u0434\u0433\u043e\u0442\u043e\u0432\u043a\u0430 \u0434\u043e \u0432\u0438\u0445\u043e\u0434\u0443 \u043d\u0430 \u0432\u0443\u043b\u0438\u0446\u044e.<\/td>\n<\/tr>\n<tr style=\"border: 1px solid #0049B1;\">\n  <td style=\"border: 1px solid #0049B1;\">10.45-11.45<\/td>\n  <td colspan='2' style=\"border: 1px solid #0049B1;\">\u041f\u0435\u0440\u0435\u0431\u0443\u0432\u0430\u043d\u043d\u044f \u043d\u0430 \u0456\u0433\u0440\u043e\u0432\u043e\u043c\u0443 \u043c\u0430\u0439\u0434\u0430\u043d\u0447\u0438\u043a\u0443 \/ \u043f\u0440\u043e\u0433\u0443\u043b\u044f\u043d\u043a\u0430 \/ \u0456\u0433\u0440\u0438 \u043d\u0430 \u0433\u0430\u043b\u044f\u0432\u0438\u043d\u0456 \u0432 \u043b\u0456\u0441\u0456 \u2013 \u0432\u0456\u043b\u044c\u043d\u0456 \u0456\u0433\u0440\u0438, \u0440\u0443\u0445\u043e\u0432\u043e-\u0441\u043f\u043e\u0440\u0442\u0438\u0432\u043d\u0456 \u0437\u0430\u043d\u044f\u0442\u0442\u044f, \u0441\u043b\u0456\u0434\u043a\u0443\u0432\u0430\u043d\u043d\u044f \u0437\u0430 \u043f\u0440\u0438\u0440\u043e\u0434\u043e\u044e \u0442\u0430 \u0441\u043e\u0446\u0456\u0430\u043b\u044c\u043d\u0438\u043c\u0438 \u044f\u0432\u0438\u0449\u0430\u043c\u0438. \u041f\u043e\u0432\u0435\u0440\u043d\u0435\u043d\u043d\u044f \u0434\u043e \u0434\u0438\u0442\u0441\u0430\u0434\u043a\u0430.<\/td>\n<\/tr>\n<tr style=\"border: 1px solid #0049B1;\">\n  <td style=\"border: 1px solid #0049B1;\">12.00-12.30<\/td>\n  <td colspan='2' style=\"border: 1px solid #0049B1;\">\u041e\u0431\u0456\u0434. \u0413\u0456\u0433\u0456\u0454\u043d\u0456\u0447\u043d\u0456 \u0442\u0430 \u0441\u0430\u043c\u043e\u043e\u0431\u0441\u043b\u0443\u0433\u043e\u0432\u0443\u044e\u0447\u0456 \u043f\u0440\u043e\u0446\u0435\u0434\u0443\u0440\u0438.<\/td>\n<\/tr>\n<tr style=\"border: 1px solid #0049B1;\">\n  <td style=\"border: 1px solid #0049B1;\">12.30 -13.00<\/td>\n  <td style=\"border: 1px solid #0049B1;\">\u041f\u0456\u0434\u0433\u043e\u0442\u043e\u0432\u043a\u0430 \u0434\u043e \u0441\u043d\u0443 \/ \u0440\u0435\u043b\u0430\u043a\u0441\u0430\u0446\u0456\u044f.<\/td>\n  <td style=\"border: 1px solid #0049B1;\">\u0427\u0438\u0442\u0430\u043d\u043d\u044f \u043a\u0430\u0437\u043e\u043a \/ \u043d\u0430\u0441\u0442\u0456\u043b\u044c\u043d\u0456 \u0456\u0433\u0440\u0438.<\/td>\n<\/tr>\n<tr style=\"border: 1px solid #0049B1;\">\n  <td style=\"border: 1px solid #0049B1;\">13.00-14.00<\/td>\n  <td style=\"border: 1px solid #0049B1;\">\u0421\u043e\u043d \/ \u0447\u0438\u0442\u0430\u043d\u043d\u044f \/ \u0441\u043b\u0443\u0445\u0430\u043d\u043d\u044f \u043a\u0430\u0437\u043e\u043a.<\/td>\n  <td style=\"border: 1px solid #0049B1;\">\u0412\u0438\u043a\u043e\u043d\u0430\u043d\u043d\u044f \u043e\u0441\u0432\u0456\u0442\u043d\u044c\u043e\u0457 \u043f\u0440\u043e\u0433\u0440\u0430\u043c\u0438 \u2013 \u0434\u043e\u043f\u043e\u0432\u043d\u0435\u043d\u043d\u044f \u0434\u0438\u0434\u0430\u043a\u0442\u0438\u0447\u043d\u0438\u0445 \u0437\u0430\u043d\u044f\u0442\u044c.<\/td>\n<\/tr>\n<tr style=\"border: 1px solid #0049B1;\">\n  <td style=\"border: 1px solid #0049B1;\">14.00-14.30<\/td>\n  <td colspan='2' style=\"border: 1px solid #0049B1;\">\u041f\u043e\u043b\u0443\u0434\u0435\u043d\u043e\u043a. \u041a\u0443\u043b\u044c\u0442\u0443\u0440\u0430 \u043f\u0440\u0438\u0439\u043e\u043c\u0443 \u0457\u0436\u0456.<\/td>\n<\/tr>\n<tr style=\"border: 1px solid #0049B1;\">\n  <td style=\"border: 1px solid #0049B1;\">15.00-16.00<\/td>\n  <td colspan='2' style=\"border: 1px solid #0049B1;\">\u0412\u0456\u043b\u044c\u043d\u0456 \u0456\u0433\u0440\u0438 \u0437\u0430 \u0456\u043d\u0442\u0435\u0440\u0435\u0441\u0430\u043c\u0438. \u0406\u043d\u0434\u0438\u0432\u0456\u0434\u0443\u0430\u043b\u044c\u043d\u0430 \u0440\u043e\u0431\u043e\u0442\u0430 \u0437 \u0432\u0438\u0445\u043e\u0432\u0430\u0442\u0435\u043b\u0435\u043c \u0441\u0442\u0438\u043c\u0443\u043b\u044e\u044e\u0447\u043e\u0433\u043e \u0442\u0430 \u0432\u0438\u0440\u0456\u0432\u043d\u044e\u044e\u0447\u043e\u0433\u043e \u0445\u0430\u0440\u0430\u043a\u0442\u0435\u0440\u0443.<\/td>\n<\/tr>\n<tr style=\"border: 1px solid #0049B1;\">\n  <td style=\"border: 1px solid #0049B1;\">16.00-17.00<\/td>\n  <td colspan='2' style=\"border: 1px solid #0049B1;\">\u0412\u0456\u0434\u0445\u0456\u0434 \u0434\u0456\u0442\u0435\u0439. \u0421\u0430\u043c\u043e\u0441\u0442\u0456\u0439\u043d\u0456 \u0456\u0433\u0440\u0438. \u041f\u0435\u0440\u0435\u0431\u0443\u0432\u0430\u043d\u043d\u044f \u043d\u0430 \u0456\u0433\u0440\u043e\u0432\u043e\u043c\u0443 \u043c\u0430\u0439\u0434\u0430\u043d\u0447\u0438\u043a\u0443.<\/td>\n<\/tr>\n<\/table>\t\t\t\t<\/div>\n\t\t\t\t<\/div>\n\t\t\t\t<div class=\"elementor-element elementor-element-61539ba elementor-widget elementor-widget-text-editor\" data-id=\"61539ba\" data-element_type=\"widget\" data-widget_type=\"text-editor.default\">\n\t\t\t\t<div class=\"elementor-widget-container\">\n\t\t\t\t\t\t\t\t\t<p>\u0420\u0435\u0430\u043b\u0456\u0437\u0430\u0446\u0456\u044f \u043e\u0441\u0432\u0456\u0442\u043d\u044c\u043e\u0457 \u043f\u0440\u043e\u0433\u0440\u0430\u043c\u0438 \u0432\u0456\u0434\u0431\u0443\u0432\u0430\u0454\u0442\u044c\u0441\u044f \u0437 7.30 \u0434\u043e 17.00.<\/p>\t\t\t\t\t\t\t\t<\/div>\n\t\t\t\t<\/div>\n\t\t            <\/div>\n        <\/div>\n        \t\t\t<\/div>\n\t\t<\/section>\n\t\t\t\t<\/div>","protected":false},"excerpt":{"rendered":"<p>Rytm dnia Zapewniamy dzieciom dni pe\u0142ne nauki, zabawy i odkry\u0107, gdzie ka\u017cda godzina przynosi nowe, starannie zaplanowane aktywno\u015bci odpowiadaj\u0105ce ich wiekowi i rozwojowi. Przedszkole otwarte jest w godzinach 7.30-17.00. Ka\u017cdy dzie\u0144 jest zaplanowany i ciekawy, przepe\u0142niony r\u00f3\u017cnymi aktywno\u015bciami. Godz. Aktywno\u015bci dzieci 2-3 letnich Aktywno\u015bci dzieci 4-5 letnich 7.30-8.50 Schodzenie si\u0119 dzieci, zaj\u0119cia opieku\u0144cze. Zabawy samodzielne [&hellip;]<\/p>","protected":false},"author":1,"featured_media":0,"parent":0,"menu_order":0,"comment_status":"closed","ping_status":"closed","template":"","meta":{"footnotes":""},"class_list":["post-4914","page","type-page","status-publish","hentry"],"_links":{"self":[{"href":"https:\/\/www.jacek-agatka.pl\/uk\/wp-json\/wp\/v2\/pages\/4914","targetHints":{"allow":["GET"]}}],"collection":[{"href":"https:\/\/www.jacek-agatka.pl\/uk\/wp-json\/wp\/v2\/pages"}],"about":[{"href":"https:\/\/www.jacek-agatka.pl\/uk\/wp-json\/wp\/v2\/types\/page"}],"author":[{"embeddable":true,"href":"https:\/\/www.jacek-agatka.pl\/uk\/wp-json\/wp\/v2\/users\/1"}],"replies":[{"embeddable":true,"href":"https:\/\/www.jacek-agatka.pl\/uk\/wp-json\/wp\/v2\/comments?post=4914"}],"version-history":[{"count":40,"href":"https:\/\/www.jacek-agatka.pl\/uk\/wp-json\/wp\/v2\/pages\/4914\/revisions"}],"predecessor-version":[{"id":5177,"href":"https:\/\/www.jacek-agatka.pl\/uk\/wp-json\/wp\/v2\/pages\/4914\/revisions\/5177"}],"wp:attachment":[{"href":"https:\/\/www.jacek-agatka.pl\/uk\/wp-json\/wp\/v2\/media?parent=4914"}],"curies":[{"name":"wp","href":"https:\/\/api.w.org\/{rel}","templated":true}]}}