{"id":4915,"date":"2024-01-03T21:29:01","date_gmt":"2024-01-03T21:29:01","guid":{"rendered":"https:\/\/server664076.nazwa.pl\/jia\/?page_id=4915"},"modified":"2024-09-23T11:16:21","modified_gmt":"2024-09-23T11:16:21","slug":"zajecia","status":"publish","type":"page","link":"https:\/\/www.jacek-agatka.pl\/uk\/zajecia\/","title":{"rendered":"\u0417\u0430\u043d\u044f\u0442\u0442\u044f"},"content":{"rendered":"<div data-elementor-type=\"wp-page\" data-elementor-id=\"4915\" class=\"elementor elementor-4915\">\n\t\t\t\t        <section class=\"elementor-section elementor-top-section elementor-element elementor-element-af49f6d elementor-section-boxed elementor-section-height-default elementor-section-height-default\" data-id=\"af49f6d\" data-element_type=\"section\">\n\t\t\n\t\t        <div class=\"elementor-container elementor-column-gap-default\" >\n\t\t        <div class=\"elementor-column elementor-col-100 elementor-top-column elementor-element elementor-element-cdbb2ee\" data-id=\"cdbb2ee\" data-element_type=\"column\">\n            <div class=\"elementor-widget-wrap elementor-element-populated\">\n                \t\t<div class=\"elementor-element elementor-element-efd2851 elementor-widget elementor-widget-cms_image_single\" data-id=\"efd2851\" data-element_type=\"widget\" data-widget_type=\"cms_image_single.default\">\n\t\t\t\t<div class=\"elementor-widget-container\">\n\t\t\t\t\t<div class=\"cms-image-single animation-none wow flash\">\n            <div class=\"cms-img-box\">\n                            <img fetchpriority=\"high\" decoding=\"async\" width=\"512\" height=\"512\" src=\"https:\/\/www.jacek-agatka.pl\/wp-content\/uploads\/2020\/08\/kindergarten.png\" class=\"attachment-full size-full wp-image-1687\" alt=\"Kindori\" srcset=\"https:\/\/www.jacek-agatka.pl\/wp-content\/uploads\/2020\/08\/kindergarten.png 512w, https:\/\/www.jacek-agatka.pl\/wp-content\/uploads\/2020\/08\/kindergarten-500x500.png 500w, https:\/\/www.jacek-agatka.pl\/wp-content\/uploads\/2020\/08\/kindergarten-300x300.png 300w, https:\/\/www.jacek-agatka.pl\/wp-content\/uploads\/2020\/08\/kindergarten-150x150.png 150w, https:\/\/www.jacek-agatka.pl\/wp-content\/uploads\/2020\/08\/kindergarten-160x160.png 160w, https:\/\/www.jacek-agatka.pl\/wp-content\/uploads\/2020\/08\/kindergarten-70x70.png 70w, https:\/\/www.jacek-agatka.pl\/wp-content\/uploads\/2020\/08\/kindergarten-460x460.png 460w\" sizes=\"(max-width: 512px) 100vw, 512px\" \/>                    <\/div>\n    <\/div>\t\t\t\t<\/div>\n\t\t\t\t<\/div>\n\t\t\t\t<div class=\"elementor-element elementor-element-6e3e5a9 elementor-widget elementor-widget-cms_heading\" data-id=\"6e3e5a9\" data-element_type=\"widget\" data-widget_type=\"cms_heading.default\">\n\t\t\t\t<div class=\"elementor-widget-container\">\n\t\t\t\t\t<div class=\"cms-heading-wrapper cms-heading-layout1\">\n    \n            <h3 class=\"custom-heading\">\n            <span                 >\n                \u0417\u0430\u043d\u044f\u0442\u0442\u044f<\/span>\n        <\/h3>\n        \n            <div class=\"custom-heading-description\">\n            \u0412\u0441\u0456 \u043d\u0438\u0436\u0447\u0435\u043d\u0430\u0432\u0435\u0434\u0435\u043d\u0456 \u0437\u0430\u043d\u044f\u0442\u0442\u044f \u043f\u0440\u043e\u0432\u043e\u0434\u044f\u0442\u044c\u0441\u044f \u0449\u043e\u0442\u0438\u0436\u043d\u044f \u043f\u0440\u043e\u0442\u044f\u0433\u043e\u043c \u043d\u0430\u0432\u0447\u0430\u043b\u044c\u043d\u043e\u0433\u043e \u0440\u043e\u043a\u0443 \u0434\u0438\u0442\u044f\u0447\u043e\u0433\u043e \u0441\u0430\u0434\u043a\u0430, \u0437\u0430 \u0432\u0438\u043d\u044f\u0442\u043a\u043e\u043c \u043b\u0456\u0442\u043d\u0456\u0445 \u0442\u0430 \u0437\u0438\u043c\u043e\u0432\u0438\u0445 \u043a\u0430\u043d\u0456\u043a\u0443\u043b, \u0437\u0430\u0432\u0436\u0434\u0438 \u0432 \u0440\u0430\u043d\u043a\u043e\u0432\u0438\u0439 \u0447\u0430\u0441.        <\/div>\n    <\/div>\t\t\t\t<\/div>\n\t\t\t\t<\/div>\n\t\t\t\t<div class=\"elementor-element elementor-element-79ad43f elementor-widget elementor-widget-cms_image_single\" data-id=\"79ad43f\" data-element_type=\"widget\" data-widget_type=\"cms_image_single.default\">\n\t\t\t\t<div class=\"elementor-widget-container\">\n\t\t\t\t\t<div class=\"cms-image-single animation-none wow flash\">\n            <div class=\"cms-img-box\">\n                            <img decoding=\"async\" width=\"99\" height=\"23\" src=\"https:\/\/www.jacek-agatka.pl\/wp-content\/uploads\/2020\/08\/image-bee.png\" class=\"attachment-full size-full wp-image-849\" alt=\"Kindori\" \/>                    <\/div>\n    <\/div>\t\t\t\t<\/div>\n\t\t\t\t<\/div>\n\t\t            <\/div>\n        <\/div>\n        \t\t\t<\/div>\n\t\t<\/section>\n\t\t<div class=\"elementor-element elementor-element-19b07b9 e-flex e-con-boxed e-con e-parent\" data-id=\"19b07b9\" data-element_type=\"container\">\n\t\t\t\t\t<div class=\"e-con-inner\">\n\t\t\t\t<div class=\"elementor-element elementor-element-08c0422 elementor-icon-list--layout-traditional elementor-list-item-link-full_width elementor-widget elementor-widget-icon-list\" data-id=\"08c0422\" data-element_type=\"widget\" data-widget_type=\"icon-list.default\">\n\t\t\t\t<div class=\"elementor-widget-container\">\n\t\t\t\t\t\t\t<ul class=\"elementor-icon-list-items\">\n\t\t\t\t\t\t\t<li class=\"elementor-icon-list-item\">\n\t\t\t\t\t\t\t\t\t\t\t<span class=\"elementor-icon-list-icon\">\n\t\t\t\t\t\t\t<svg aria-hidden=\"true\" class=\"e-font-icon-svg e-fas-chevron-right\" viewbox=\"0 0 320 512\" xmlns=\"http:\/\/www.w3.org\/2000\/svg\"><path d=\"M285.476 272.971L91.132 467.314c-9.373 9.373-24.569 9.373-33.941 0l-22.667-22.667c-9.357-9.357-9.375-24.522-.04-33.901L188.505 256 34.484 101.255c-9.335-9.379-9.317-24.544.04-33.901l22.667-22.667c9.373-9.373 24.569-9.373 33.941 0L285.475 239.03c9.373 9.372 9.373 24.568.001 33.941z\"><\/path><\/svg>\t\t\t\t\t\t<\/span>\n\t\t\t\t\t\t\t\t\t\t<span class=\"elementor-icon-list-text\"><b><font color=\"#0049B1\">\u041d\u0430\u0432\u0447\u0430\u043b\u044c\u043d\u0456 \u0437\u0430\u043d\u044f\u0442\u0442\u044f<\/font><\/b> - \u043f\u0440\u043e\u0432\u043e\u0434\u044f\u0442\u044c\u0441\u044f \u0432\u0438\u0445\u043e\u0432\u0430\u0442\u0435\u043b\u044f\u043c\u0438 \u0433\u0440\u0443\u043f, \u044f\u043a\u0456 \u0430\u0434\u0430\u043f\u0442\u0443\u044e\u0442\u044c \u0457\u0445 \u0444\u043e\u0440\u043c\u0438 \u0442\u0430 \u043c\u0435\u0442\u043e\u0434\u0438 \u0432\u0456\u0434\u043f\u043e\u0432\u0456\u0434\u043d\u043e \u0434\u043e \u0432\u0456\u043a\u0443 \u0434\u0456\u0442\u0435\u0439, \u0457\u0445 \u0456\u043d\u0442\u0435\u0440\u0435\u0441\u0456\u0432 \u0442\u0430 \u043c\u043e\u0436\u043b\u0438\u0432\u043e\u0441\u0442\u0435\u0439. \u041e\u0440\u0433\u0430\u043d\u0456\u0437\u043e\u0432\u0430\u043d\u0456 \u0437\u0430\u043d\u044f\u0442\u0442\u044f \u043f\u0456\u0434\u0442\u0440\u0438\u043c\u0443\u044e\u0442\u044c \u0437\u0430\u0433\u0430\u043b\u044c\u043d\u0438\u0439 \u0440\u043e\u0437\u0432\u0438\u0442\u043e\u043a \u0434\u0438\u0442\u0438\u043d\u0438 \u0456 \u0433\u043e\u0442\u0443\u044e\u0442\u044c \u0457\u0457 \u0434\u043e \u0448\u043a\u043e\u043b\u0438. \u0412\u043e\u043d\u0438 \u0444\u043e\u0440\u043c\u0443\u044e\u0442\u044c \u0443\u0441\u0442\u0430\u043d\u043e\u0432\u043a\u0438, \u0437\u043d\u0430\u043d\u043d\u044f \u0442\u0430 \u0432\u043c\u0456\u043d\u043d\u044f \u0443 \u0433\u0430\u043b\u0443\u0437\u044f\u0445 \u043f\u043e\u043b\u043e\u043d\u0456\u0441\u0442\u0438\u0447\u043d\u043e\u0457, \u043c\u0430\u0442\u0435\u043c\u0430\u0442\u0438\u0447\u043d\u043e\u0457, \u043f\u0440\u0438\u0440\u043e\u0434\u043d\u0438\u0447\u043e\u0457, \u043c\u0443\u0437\u0438\u0447\u043d\u043e\u0457, \u0440\u0443\u0445\u043e\u0432\u043e-\u0433\u0456\u043c\u043d\u0430\u0441\u0442\u0438\u0447\u043d\u043e\u0457, \u0441\u0435\u043d\u0441\u043e\u0440\u043d\u043e\u0457, \u0435\u043c\u043e\u0446\u0456\u0439\u043d\u043e\u0457 \u0442\u0430 \u0441\u043e\u0446\u0456\u0430\u043b\u044c\u043d\u043e\u0457 \u043e\u0441\u0432\u0456\u0442\u0438.<\/span>\n\t\t\t\t\t\t\t\t\t<\/li>\n\t\t\t\t\t\t\t\t<li class=\"elementor-icon-list-item\">\n\t\t\t\t\t\t\t\t\t\t\t<span class=\"elementor-icon-list-icon\">\n\t\t\t\t\t\t\t<svg aria-hidden=\"true\" class=\"e-font-icon-svg e-fas-chevron-right\" viewbox=\"0 0 320 512\" xmlns=\"http:\/\/www.w3.org\/2000\/svg\"><path d=\"M285.476 272.971L91.132 467.314c-9.373 9.373-24.569 9.373-33.941 0l-22.667-22.667c-9.357-9.357-9.375-24.522-.04-33.901L188.505 256 34.484 101.255c-9.335-9.379-9.317-24.544.04-33.901l22.667-22.667c9.373-9.373 24.569-9.373 33.941 0L285.475 239.03c9.373 9.372 9.373 24.568.001 33.941z\"><\/path><\/svg>\t\t\t\t\t\t<\/span>\n\t\t\t\t\t\t\t\t\t\t<span class=\"elementor-icon-list-text\"><b><font color=\"#0049B1\">\u0417\u0430\u043d\u044f\u0442\u0442\u044f \u0437 \u0430\u043d\u0433\u043b\u0456\u0439\u0441\u044c\u043a\u043e\u0457 \u043c\u043e\u0432\u0438 \u0437\u0430 \u043c\u0435\u0442\u043e\u0434\u043e\u043c Helen Doron <\/font><\/b>- \u0437\u0430\u043d\u044f\u0442\u0442\u044f \u043f\u0440\u043e\u0432\u043e\u0434\u044f\u0442\u044c\u0441\u044f 2 \u0440\u0430\u0437\u0438 \u043d\u0430 \u0442\u0438\u0436\u0434\u0435\u043d\u044c \u043f\u043e 30 \u0445\u0432\u0438\u043b\u0438\u043d \u0443 \u043a\u043e\u0436\u043d\u0456\u0439 \u0437 \u0433\u0440\u0443\u043f, \u0457\u0445 \u043f\u0440\u043e\u0432\u043e\u0434\u0438\u0442\u044c \u0432\u0438\u043a\u043b\u0430\u0434\u0430\u0447 \u0430\u043d\u0433\u043b\u0456\u0439\u0441\u044c\u043a\u043e\u0457 \u043c\u043e\u0432\u0438 \u0437 \u0426\u0435\u043d\u0442\u0440\u0443 Helen Doron \u0432 Starej Mi\u0142o\u015bnie<\/span>\n\t\t\t\t\t\t\t\t\t<\/li>\n\t\t\t\t\t\t\t\t<li class=\"elementor-icon-list-item\">\n\t\t\t\t\t\t\t\t\t\t\t<span class=\"elementor-icon-list-icon\">\n\t\t\t\t\t\t\t<svg aria-hidden=\"true\" class=\"e-font-icon-svg e-fas-chevron-right\" viewbox=\"0 0 320 512\" xmlns=\"http:\/\/www.w3.org\/2000\/svg\"><path d=\"M285.476 272.971L91.132 467.314c-9.373 9.373-24.569 9.373-33.941 0l-22.667-22.667c-9.357-9.357-9.375-24.522-.04-33.901L188.505 256 34.484 101.255c-9.335-9.379-9.317-24.544.04-33.901l22.667-22.667c9.373-9.373 24.569-9.373 33.941 0L285.475 239.03c9.373 9.372 9.373 24.568.001 33.941z\"><\/path><\/svg>\t\t\t\t\t\t<\/span>\n\t\t\t\t\t\t\t\t\t\t<span class=\"elementor-icon-list-text\"><b><font color=\"#0049B1\">\u0420\u0438\u0442\u043c\u0456\u043a\u0430<\/font><\/b> - \u043c\u0443\u0437\u0438\u0447\u043d\u0456 \u0437\u0430\u043d\u044f\u0442\u0442\u044f \u043f\u0440\u043e\u0432\u043e\u0434\u044f\u0442\u044c\u0441\u044f 1 \u0440\u0430\u0437 \u043d\u0430 \u0442\u0438\u0436\u0434\u0435\u043d\u044c \u043f\u043e 30 \u0445\u0432\u0438\u043b\u0438\u043d \u0443 \u043a\u043e\u0436\u043d\u0456\u0439 \u0437 \u0433\u0440\u0443\u043f, \u0434\u0435 \u0432\u0438\u043a\u043e\u0440\u0438\u0441\u0442\u043e\u0432\u0443\u044e\u0442\u044c\u0441\u044f \u043f\u0456\u0430\u043d\u0456\u043d\u043e \u0442\u0430 \u0440\u0456\u0437\u043d\u043e\u043c\u0430\u043d\u0456\u0442\u043d\u0456 \u0443\u0434\u0430\u0440\u043d\u0456 \u0456\u043d\u0441\u0442\u0440\u0443\u043c\u0435\u043d\u0442\u0438. \u041f\u0456\u0434 \u0447\u0430\u0441 \u0437\u0430\u043d\u044f\u0442\u044c \u0434\u0456\u0442\u0438, \u043e\u043a\u0440\u0456\u043c \u0441\u043f\u0456\u043b\u043a\u0443\u0432\u0430\u043d\u043d\u044f \u0437 \u0456\u043d\u0441\u0442\u0440\u0443\u043c\u0435\u043d\u0442\u0430\u043c\u0438, \u0441\u043f\u0456\u0432\u0430\u044e\u0442\u044c, \u0440\u043e\u0437\u0432\u0438\u0432\u0430\u044e\u0442\u044c \u043f\u043e\u0447\u0443\u0442\u0442\u044f \u0440\u0438\u0442\u043c\u0443, \u0437\u0431\u0430\u0433\u0430\u0447\u0443\u044e\u0442\u044c \u043c\u0443\u0437\u0438\u0447\u043d\u0438\u0439 \u0441\u043b\u043e\u0432\u043d\u0438\u043a \u0442\u0430 \u0440\u043e\u0437\u0432\u0438\u0432\u0430\u044e\u0442\u044c \u0442\u0435\u0430\u0442\u0440\u0430\u043b\u044c\u043d\u0443 \u0441\u0432\u0456\u0434\u043e\u043c\u0456\u0441\u0442\u044c \u0447\u0435\u0440\u0435\u0437 \u0456\u043c\u043f\u0440\u043e\u0432\u0456\u0437\u0430\u0446\u0456\u044e.<\/span>\n\t\t\t\t\t\t\t\t\t<\/li>\n\t\t\t\t\t\t\t\t<li class=\"elementor-icon-list-item\">\n\t\t\t\t\t\t\t\t\t\t\t<span class=\"elementor-icon-list-icon\">\n\t\t\t\t\t\t\t<svg aria-hidden=\"true\" class=\"e-font-icon-svg e-fas-chevron-right\" viewbox=\"0 0 320 512\" xmlns=\"http:\/\/www.w3.org\/2000\/svg\"><path d=\"M285.476 272.971L91.132 467.314c-9.373 9.373-24.569 9.373-33.941 0l-22.667-22.667c-9.357-9.357-9.375-24.522-.04-33.901L188.505 256 34.484 101.255c-9.335-9.379-9.317-24.544.04-33.901l22.667-22.667c9.373-9.373 24.569-9.373 33.941 0L285.475 239.03c9.373 9.372 9.373 24.568.001 33.941z\"><\/path><\/svg>\t\t\t\t\t\t<\/span>\n\t\t\t\t\t\t\t\t\t\t<span class=\"elementor-icon-list-text\"><b><font color=\"#0049B1\">MathRiders<\/font><\/b> - \u0437\u0430\u043d\u044f\u0442\u0442\u044f, \u0449\u043e \u0440\u043e\u0437\u0432\u0438\u0432\u0430\u044e\u0442\u044c \u043c\u0430\u0442\u0435\u043c\u0430\u0442\u0438\u0447\u043d\u0456 \u043d\u0430\u0432\u0438\u0447\u043a\u0438. \u041f\u0440\u043e\u0432\u043e\u0434\u044f\u0442\u044c\u0441\u044f \u0440\u0430\u0437 \u043d\u0430 \u0442\u0438\u0436\u0434\u0435\u043d\u044c \u043f\u043e 30 \u0445\u0432\u0438\u043b\u0438\u043d \u0443 \u043a\u043e\u0436\u043d\u0456\u0439 \u0433\u0440\u0443\u043f\u0456 \u0441\u0435\u0440\u0442\u0438\u0444\u0456\u043a\u043e\u0432\u0430\u043d\u0438\u043c \u0432\u0438\u043a\u043b\u0430\u0434\u0430\u0447\u0435\u043c MathRiders. \u0417\u0430\u043d\u044f\u0442\u0442\u044f \u043f\u0440\u043e\u0432\u043e\u0434\u044f\u0442\u044c\u0441\u044f \u0432 \u0456\u0433\u0440\u043e\u0432\u0456\u0439 \u0444\u043e\u0440\u043c\u0456, \u0437\u0430\u0432\u0434\u044f\u043a\u0438 \u0447\u043e\u043c\u0443 \u043c\u0430\u0442\u0435\u043c\u0430\u0442\u0438\u0447\u043d\u0456 \u0437\u043d\u0430\u043d\u043d\u044f \u043f\u0435\u0440\u0435\u0434\u0430\u044e\u0442\u044c\u0441\u044f \u0443 \u043f\u0440\u0438\u0432\u0430\u0431\u043b\u0438\u0432\u0438\u0439 \u0442\u0430 \u0434\u0440\u0443\u0436\u043d\u0456\u0439 \u0441\u043f\u043e\u0441\u0456\u0431.<\/span>\n\t\t\t\t\t\t\t\t\t<\/li>\n\t\t\t\t\t\t\t\t<li class=\"elementor-icon-list-item\">\n\t\t\t\t\t\t\t\t\t\t\t<span class=\"elementor-icon-list-icon\">\n\t\t\t\t\t\t\t<svg aria-hidden=\"true\" class=\"e-font-icon-svg e-fas-chevron-right\" viewbox=\"0 0 320 512\" xmlns=\"http:\/\/www.w3.org\/2000\/svg\"><path d=\"M285.476 272.971L91.132 467.314c-9.373 9.373-24.569 9.373-33.941 0l-22.667-22.667c-9.357-9.357-9.375-24.522-.04-33.901L188.505 256 34.484 101.255c-9.335-9.379-9.317-24.544.04-33.901l22.667-22.667c9.373-9.373 24.569-9.373 33.941 0L285.475 239.03c9.373 9.372 9.373 24.568.001 33.941z\"><\/path><\/svg>\t\t\t\t\t\t<\/span>\n\t\t\t\t\t\t\t\t\t\t<span class=\"elementor-icon-list-text\"><b><font color=\"#0049B1\">\u041b\u043e\u0433\u043e\u043f\u0435\u0434\u0456\u044f<\/font><\/b> - \u0437\u0430\u043d\u044f\u0442\u0442\u044f \u043f\u0440\u043e\u0432\u043e\u0434\u044f\u0442\u044c\u0441\u044f \u043a\u0432\u0430\u043b\u0456\u0444\u0456\u043a\u043e\u0432\u0430\u043d\u0438\u043c \u043d\u0435\u0439\u0440\u043e\u043b\u043e\u0433\u043e\u043f\u0435\u0434\u043e\u043c. \u041f\u0440\u043e\u0432\u043e\u0434\u044f\u0442\u044c\u0441\u044f \u0440\u0430\u0437 \u043d\u0430 \u0442\u0438\u0436\u0434\u0435\u043d\u044c, 30 \u0445\u0432\u0438\u043b\u0438\u043d. \u041d\u0430 \u043f\u043e\u0447\u0430\u0442\u043a\u0443 \u043d\u0430\u0432\u0447\u0430\u043b\u044c\u043d\u043e\u0433\u043e \u0440\u043e\u043a\u0443 \u043f\u0440\u043e\u0432\u043e\u0434\u0438\u0442\u044c\u0441\u044f \u043b\u043e\u0433\u043e\u043f\u0435\u0434\u0438\u0447\u043d\u0430 \u0434\u0456\u0430\u0433\u043d\u043e\u0441\u0442\u0438\u043a\u0430 \u043a\u043e\u0436\u043d\u043e\u0433\u043e \u0432\u0438\u0445\u043e\u0432\u0430\u043d\u0446\u044f, \u043d\u0430 \u043e\u0441\u043d\u043e\u0432\u0456 \u044f\u043a\u043e\u0457 \u0431\u0430\u0442\u044c\u043a\u0438 \u043c\u043e\u0436\u0443\u0442\u044c \u043e\u0446\u0456\u043d\u0438\u0442\u0438 \u043b\u043e\u0433\u043e\u043f\u0435\u0434\u0438\u0447\u043d\u0456 \u0437\u0434\u0456\u0431\u043d\u043e\u0441\u0442\u0456 \u0441\u0432\u043e\u0454\u0457 \u0434\u0438\u0442\u0438\u043d\u0438. \u041f\u0456\u0434 \u0447\u0430\u0441 \u0437\u0430\u043d\u044f\u0442\u044c \u0440\u043e\u0437\u0432\u0438\u0432\u0430\u044e\u0442\u044c\u0441\u044f \u043d\u0430\u0432\u0438\u0447\u043a\u0438 \u0430\u0440\u0442\u0438\u043a\u0443\u043b\u044f\u0446\u0456\u0439\u043d\u043e\u0433\u043e \u0430\u043f\u0430\u0440\u0430\u0442\u0443 \u0434\u0456\u0442\u0435\u0439 \u0442\u0430 \u0457\u0445 \u043a\u043e\u043c\u0443\u043d\u0456\u043a\u0430\u0442\u0438\u0432\u043d\u0456 \u0437\u0434\u0456\u0431\u043d\u043e\u0441\u0442\u0456.<\/span>\n\t\t\t\t\t\t\t\t\t<\/li>\n\t\t\t\t\t\t<\/ul>\n\t\t\t\t\t\t<\/div>\n\t\t\t\t<\/div>\n\t\t\t\t\t<\/div>\n\t\t\t\t<\/div>\n\t\t\t\t<\/div>","protected":false},"excerpt":{"rendered":"<p>Zaj\u0119cia Wszystkie przedstawione poni\u017cej zaj\u0119cia odbywaj\u0105 si\u0119 w ka\u017cdym tygodniu roku przedszkolnego, z wy\u0142\u0105czeniem wakacji i ferii zimowych, zawsze w godzinach dopo\u0142udniowych Zaj\u0119cia dydaktyczne \u2013 prowadz\u0105 nauczyciele prowadz\u0105cy grupy, dostosowuj\u0105c ich formy i metody do wieku dzieci i ich zainteresowa\u0144 i mo\u017cliwo\u015bci. Organizowane zaj\u0119cia wspieraj\u0105 ca\u0142o\u015bciowy rozw\u00f3j dziecka i przygotowuj\u0105 je do p\u00f3j\u015bcia do szko\u0142y. [&hellip;]<\/p>","protected":false},"author":1,"featured_media":0,"parent":0,"menu_order":0,"comment_status":"closed","ping_status":"closed","template":"","meta":{"footnotes":""},"class_list":["post-4915","page","type-page","status-publish","hentry"],"_links":{"self":[{"href":"https:\/\/www.jacek-agatka.pl\/uk\/wp-json\/wp\/v2\/pages\/4915","targetHints":{"allow":["GET"]}}],"collection":[{"href":"https:\/\/www.jacek-agatka.pl\/uk\/wp-json\/wp\/v2\/pages"}],"about":[{"href":"https:\/\/www.jacek-agatka.pl\/uk\/wp-json\/wp\/v2\/types\/page"}],"author":[{"embeddable":true,"href":"https:\/\/www.jacek-agatka.pl\/uk\/wp-json\/wp\/v2\/users\/1"}],"replies":[{"embeddable":true,"href":"https:\/\/www.jacek-agatka.pl\/uk\/wp-json\/wp\/v2\/comments?post=4915"}],"version-history":[{"count":22,"href":"https:\/\/www.jacek-agatka.pl\/uk\/wp-json\/wp\/v2\/pages\/4915\/revisions"}],"predecessor-version":[{"id":5214,"href":"https:\/\/www.jacek-agatka.pl\/uk\/wp-json\/wp\/v2\/pages\/4915\/revisions\/5214"}],"wp:attachment":[{"href":"https:\/\/www.jacek-agatka.pl\/uk\/wp-json\/wp\/v2\/media?parent=4915"}],"curies":[{"name":"wp","href":"https:\/\/api.w.org\/{rel}","templated":true}]}}