{"id":4922,"date":"2024-01-03T21:30:13","date_gmt":"2024-01-03T21:30:13","guid":{"rendered":"https:\/\/server664076.nazwa.pl\/jia\/?page_id=4922"},"modified":"2024-09-23T11:19:33","modified_gmt":"2024-09-23T11:19:33","slug":"monitoring","status":"publish","type":"page","link":"https:\/\/www.jacek-agatka.pl\/uk\/monitoring\/","title":{"rendered":"\u041c\u043e\u043d\u0456\u0442\u043e\u0440\u0438\u043d\u0433"},"content":{"rendered":"<div data-elementor-type=\"wp-page\" data-elementor-id=\"4922\" class=\"elementor elementor-4922\">\n\t\t\t\t        <section class=\"elementor-section elementor-top-section elementor-element elementor-element-c777775 elementor-section-boxed elementor-section-height-default elementor-section-height-default\" data-id=\"c777775\" data-element_type=\"section\">\n\t\t\n\t\t        <div class=\"elementor-container elementor-column-gap-default\" >\n\t\t        <div class=\"elementor-column elementor-col-100 elementor-top-column elementor-element elementor-element-dcaf319\" data-id=\"dcaf319\" data-element_type=\"column\">\n            <div class=\"elementor-widget-wrap elementor-element-populated\">\n                \t\t<div class=\"elementor-element elementor-element-bd27314 elementor-widget elementor-widget-cms_image_single\" data-id=\"bd27314\" data-element_type=\"widget\" data-widget_type=\"cms_image_single.default\">\n\t\t\t\t<div class=\"elementor-widget-container\">\n\t\t\t\t\t<div class=\"cms-image-single animation-none wow flash\">\n            <div class=\"cms-img-box\">\n                            <img fetchpriority=\"high\" decoding=\"async\" width=\"512\" height=\"512\" src=\"https:\/\/www.jacek-agatka.pl\/wp-content\/uploads\/2020\/08\/kindergarten.png\" class=\"attachment-full size-full wp-image-1687\" alt=\"Kindori\" srcset=\"https:\/\/www.jacek-agatka.pl\/wp-content\/uploads\/2020\/08\/kindergarten.png 512w, https:\/\/www.jacek-agatka.pl\/wp-content\/uploads\/2020\/08\/kindergarten-500x500.png 500w, https:\/\/www.jacek-agatka.pl\/wp-content\/uploads\/2020\/08\/kindergarten-300x300.png 300w, https:\/\/www.jacek-agatka.pl\/wp-content\/uploads\/2020\/08\/kindergarten-150x150.png 150w, https:\/\/www.jacek-agatka.pl\/wp-content\/uploads\/2020\/08\/kindergarten-160x160.png 160w, https:\/\/www.jacek-agatka.pl\/wp-content\/uploads\/2020\/08\/kindergarten-70x70.png 70w, https:\/\/www.jacek-agatka.pl\/wp-content\/uploads\/2020\/08\/kindergarten-460x460.png 460w\" sizes=\"(max-width: 512px) 100vw, 512px\" \/>                    <\/div>\n    <\/div>\t\t\t\t<\/div>\n\t\t\t\t<\/div>\n\t\t\t\t<div class=\"elementor-element elementor-element-eb98511 elementor-widget elementor-widget-cms_heading\" data-id=\"eb98511\" data-element_type=\"widget\" data-widget_type=\"cms_heading.default\">\n\t\t\t\t<div class=\"elementor-widget-container\">\n\t\t\t\t\t<div class=\"cms-heading-wrapper cms-heading-layout1\">\n    \n            <h3 class=\"custom-heading\">\n            <span                 >\n                \u041c\u043e\u043d\u0456\u0442\u043e\u0440\u0438\u043d\u0433<\/span>\n        <\/h3>\n        \n            <div class=\"custom-heading-description\">\n            \u0423 \u043d\u0430\u0448\u043e\u043c\u0443 \u0434\u0438\u0442\u044f\u0447\u043e\u043c\u0443 \u0441\u0430\u0434\u043a\u0443 \u043f\u0440\u0456\u043e\u0440\u0438\u0442\u0435\u0442\u043e\u043c \u0454 \u0431\u0435\u0437\u043f\u0435\u043a\u0430 \u0434\u0456\u0442\u0435\u0439, \u0442\u043e\u043c\u0443 \u043c\u0438 \u043e\u0431\u043b\u0430\u0434\u043d\u0430\u043b\u0438 \u0437\u0430\u043a\u043b\u0430\u0434 \u0441\u0443\u0447\u0430\u0441\u043d\u043e\u044e \u0441\u0438\u0441\u0442\u0435\u043c\u043e\u044e \u0432\u0456\u0434\u0435\u043e\u0441\u043f\u043e\u0441\u0442\u0435\u0440\u0435\u0436\u0435\u043d\u043d\u044f.\n\n        <\/div>\n    <\/div>\t\t\t\t<\/div>\n\t\t\t\t<\/div>\n\t\t\t\t<div class=\"elementor-element elementor-element-f1ab154 elementor-widget elementor-widget-cms_image_single\" data-id=\"f1ab154\" data-element_type=\"widget\" data-widget_type=\"cms_image_single.default\">\n\t\t\t\t<div class=\"elementor-widget-container\">\n\t\t\t\t\t<div class=\"cms-image-single animation-none wow flash\">\n            <div class=\"cms-img-box\">\n                            <img decoding=\"async\" width=\"99\" height=\"23\" src=\"https:\/\/www.jacek-agatka.pl\/wp-content\/uploads\/2020\/08\/image-bee.png\" class=\"attachment-full size-full wp-image-849\" alt=\"Kindori\" \/>                    <\/div>\n    <\/div>\t\t\t\t<\/div>\n\t\t\t\t<\/div>\n\t\t            <\/div>\n        <\/div>\n        \t\t\t<\/div>\n\t\t<\/section>\n\t\t<div class=\"elementor-element elementor-element-7c98625 e-flex e-con-boxed e-con e-parent\" data-id=\"7c98625\" data-element_type=\"container\">\n\t\t\t\t\t<div class=\"e-con-inner\">\n\t\t\t\t<div class=\"elementor-element elementor-element-ac28b2e elementor-widget elementor-widget-text-editor\" data-id=\"ac28b2e\" data-element_type=\"widget\" data-widget_type=\"text-editor.default\">\n\t\t\t\t<div class=\"elementor-widget-container\">\n\t\t\t\t\t\t\t\t\t<p>\u0414\u0438\u0442\u044f\u0447\u0438\u0439 \u0441\u0430\u0434\u043e\u043a \u043c\u0430\u0454 \u0434\u043e\u0441\u0442\u0443\u043f \u0434\u043e \u0432\u0456\u0434\u0435\u043e\u0441\u043f\u043e\u0441\u0442\u0435\u0440\u0435\u0436\u0435\u043d\u043d\u044f. \u041a\u0430\u043c\u0435\u0440\u0438 \u0440\u043e\u0437\u0442\u0430\u0448\u043e\u0432\u0430\u043d\u0456 \u0432 \u043e\u0431\u043e\u0445 \u0437\u0430\u043b\u0430\u0445 \u0442\u0430 \u043d\u0430 \u0456\u0433\u0440\u043e\u0432\u043e\u043c\u0443 \u043c\u0430\u0439\u0434\u0430\u043d\u0447\u0438\u043a\u0443.<\/p><p>\u0414\u043e\u0441\u0442\u0443\u043f \u0434\u043e \u0432\u0456\u0434\u0435\u043e\u0441\u043f\u043e\u0441\u0442\u0435\u0440\u0435\u0436\u0435\u043d\u043d\u044f \u043e\u0442\u0440\u0438\u043c\u0443\u044e\u0442\u044c \u0431\u0430\u0442\u044c\u043a\u0438 \u043f\u0456\u0441\u043b\u044f \u043f\u0456\u0434\u043f\u0438\u0441\u0430\u043d\u043d\u044f \u0434\u043e\u0433\u043e\u0432\u043e\u0440\u0443 \u0437 \u0434\u0438\u0442\u044f\u0447\u0438\u043c \u0441\u0430\u0434\u043a\u043e\u043c.<\/p>\t\t\t\t\t\t\t\t<\/div>\n\t\t\t\t<\/div>\n\t\t\t\t<div class=\"elementor-element elementor-element-3acf483 elementor-widget elementor-widget-cms_list\" data-id=\"3acf483\" data-element_type=\"widget\" data-widget_type=\"cms_list.default\">\n\t\t\t\t<div class=\"elementor-widget-container\">\n\t\t\t\t\t    <ul class=\"cms-list style5\">\n                    <li class=\"\">\n\t\t\t\t<a href=\"http:\/\/server664076.nazwa.pl\/jia\/wp-content\/uploads\/2024\/03\/Instrukcja-konfiguracji-aplikacji-do-monitoringu.pdf\">\n            \t\t\u0417\u0430\u0432\u0430\u043d\u0442\u0430\u0436\u0442\u0435 \u0456\u043d\u0441\u0442\u0440\u0443\u043a\u0446\u0456\u044e \u0437 \u043d\u0430\u043b\u0430\u0448\u0442\u0443\u0432\u0430\u043d\u043d\u044f \u0434\u043e\u0434\u0430\u0442\u043a\u0430 \u0434\u043b\u044f \u0432\u0456\u0434\u0435\u043e\u0441\u043f\u043e\u0441\u0442\u0435\u0440\u0435\u0436\u0435\u043d\u043d\u044f \u043d\u0430 \u043c\u043e\u0431\u0456\u043b\u044c\u043d\u043e\u043c\u0443 \u0442\u0435\u043b\u0435\u0444\u043e\u043d\u0456.            \t<\/a>\n           <\/li>\n            <\/ul>\n\t\t\t\t<\/div>\n\t\t\t\t<\/div>\n\t\t\t\t\t<\/div>\n\t\t\t\t<\/div>\n\t\t\t\t<\/div>","protected":false},"excerpt":{"rendered":"<p>Monitoring W naszym przedszkolu priorytetem jest bezpiecze\u0144stwo dzieci, dlatego wyposa\u017cyli\u015bmy plac\u00f3wk\u0119 w nowoczesny system monitoringu wizyjnego. Przedszkole posiada dost\u0119p do monitoringu wizyjnego. Kamery rozmieszczone s\u0105 w obu salach oraz na placu zabaw. Dost\u0119p do monitoringu otrzymuj\u0105 rodzice, po podpisaniu umowy z przedszkolem. Pobierz instrukcj\u0119 konfiguracji aplikacji do monitoringu na telefonie kom\u00f3rkowym<\/p>","protected":false},"author":1,"featured_media":0,"parent":0,"menu_order":0,"comment_status":"closed","ping_status":"closed","template":"","meta":{"footnotes":""},"class_list":["post-4922","page","type-page","status-publish","hentry"],"_links":{"self":[{"href":"https:\/\/www.jacek-agatka.pl\/uk\/wp-json\/wp\/v2\/pages\/4922","targetHints":{"allow":["GET"]}}],"collection":[{"href":"https:\/\/www.jacek-agatka.pl\/uk\/wp-json\/wp\/v2\/pages"}],"about":[{"href":"https:\/\/www.jacek-agatka.pl\/uk\/wp-json\/wp\/v2\/types\/page"}],"author":[{"embeddable":true,"href":"https:\/\/www.jacek-agatka.pl\/uk\/wp-json\/wp\/v2\/users\/1"}],"replies":[{"embeddable":true,"href":"https:\/\/www.jacek-agatka.pl\/uk\/wp-json\/wp\/v2\/comments?post=4922"}],"version-history":[{"count":22,"href":"https:\/\/www.jacek-agatka.pl\/uk\/wp-json\/wp\/v2\/pages\/4922\/revisions"}],"predecessor-version":[{"id":5208,"href":"https:\/\/www.jacek-agatka.pl\/uk\/wp-json\/wp\/v2\/pages\/4922\/revisions\/5208"}],"wp:attachment":[{"href":"https:\/\/www.jacek-agatka.pl\/uk\/wp-json\/wp\/v2\/media?parent=4922"}],"curies":[{"name":"wp","href":"https:\/\/api.w.org\/{rel}","templated":true}]}}