{"id":4929,"date":"2024-01-03T21:32:51","date_gmt":"2024-01-03T21:32:51","guid":{"rendered":"https:\/\/server664076.nazwa.pl\/jia\/?page_id=4929"},"modified":"2024-09-23T11:16:07","modified_gmt":"2024-09-23T11:16:07","slug":"zapisy-i-oplaty","status":"publish","type":"page","link":"https:\/\/www.jacek-agatka.pl\/uk\/zapisy-i-oplaty\/","title":{"rendered":"\u0417\u0430\u043f\u0438\u0441\u0438 \u0442\u0430 \u043e\u043f\u043b\u0430\u0442\u0438"},"content":{"rendered":"<div data-elementor-type=\"wp-page\" data-elementor-id=\"4929\" class=\"elementor elementor-4929\">\n\t\t\t\t        <section class=\"elementor-section elementor-top-section elementor-element elementor-element-a91fa83 elementor-section-boxed elementor-section-height-default elementor-section-height-default\" data-id=\"a91fa83\" data-element_type=\"section\">\n\t\t\n\t\t        <div class=\"elementor-container elementor-column-gap-default\" >\n\t\t        <div class=\"elementor-column elementor-col-100 elementor-top-column elementor-element elementor-element-8317bbe\" data-id=\"8317bbe\" data-element_type=\"column\">\n            <div class=\"elementor-widget-wrap elementor-element-populated\">\n                \t\t<div class=\"elementor-element elementor-element-1d5fda6 elementor-widget elementor-widget-cms_image_single\" data-id=\"1d5fda6\" data-element_type=\"widget\" data-widget_type=\"cms_image_single.default\">\n\t\t\t\t<div class=\"elementor-widget-container\">\n\t\t\t\t\t<div class=\"cms-image-single animation-none wow flash\">\n            <div class=\"cms-img-box\">\n                            <img fetchpriority=\"high\" decoding=\"async\" width=\"512\" height=\"512\" src=\"https:\/\/www.jacek-agatka.pl\/wp-content\/uploads\/2020\/08\/kindergarten.png\" class=\"attachment-full size-full wp-image-1687\" alt=\"Kindori\" srcset=\"https:\/\/www.jacek-agatka.pl\/wp-content\/uploads\/2020\/08\/kindergarten.png 512w, https:\/\/www.jacek-agatka.pl\/wp-content\/uploads\/2020\/08\/kindergarten-500x500.png 500w, https:\/\/www.jacek-agatka.pl\/wp-content\/uploads\/2020\/08\/kindergarten-300x300.png 300w, https:\/\/www.jacek-agatka.pl\/wp-content\/uploads\/2020\/08\/kindergarten-150x150.png 150w, https:\/\/www.jacek-agatka.pl\/wp-content\/uploads\/2020\/08\/kindergarten-160x160.png 160w, https:\/\/www.jacek-agatka.pl\/wp-content\/uploads\/2020\/08\/kindergarten-70x70.png 70w, https:\/\/www.jacek-agatka.pl\/wp-content\/uploads\/2020\/08\/kindergarten-460x460.png 460w\" sizes=\"(max-width: 512px) 100vw, 512px\" \/>                    <\/div>\n    <\/div>\t\t\t\t<\/div>\n\t\t\t\t<\/div>\n\t\t\t\t<div class=\"elementor-element elementor-element-49f957a elementor-widget elementor-widget-cms_heading\" data-id=\"49f957a\" data-element_type=\"widget\" data-widget_type=\"cms_heading.default\">\n\t\t\t\t<div class=\"elementor-widget-container\">\n\t\t\t\t\t<div class=\"cms-heading-wrapper cms-heading-layout1\">\n    \n            <h3 class=\"custom-heading\">\n            <span                 >\n                \u0417\u0430\u043f\u0438\u0441\u0438 \u0442\u0430 \u043e\u043f\u043b\u0430\u0442\u0438<\/span>\n        <\/h3>\n        \n            <div class=\"custom-heading-description\">\n            \u0423 \u043d\u0430\u0448\u043e\u043c\u0443 \u0434\u0438\u0442\u044f\u0447\u043e\u043c\u0443 \u0441\u0430\u0434\u043a\u0443 \u043c\u0438 \u043f\u0438\u0448\u0430\u0454\u043c\u043e\u0441\u044f \u0434\u043e\u0441\u0432\u0456\u0434\u0447\u0435\u043d\u0438\u043c \u0442\u0430 \u0432\u0456\u0434\u0434\u0430\u043d\u0438\u043c \u043f\u0435\u0434\u0430\u0433\u043e\u0433\u0456\u0447\u043d\u0438\u043c \u043f\u0435\u0440\u0441\u043e\u043d\u0430\u043b\u043e\u043c, \u044f\u043a\u0438\u0439 \u0449\u043e\u0434\u043d\u044f \u0437 \u0432\u0435\u043b\u0438\u043a\u0438\u043c \u0437\u0430\u0445\u043e\u043f\u043b\u0435\u043d\u043d\u044f\u043c \u043f\u0456\u0434\u0442\u0440\u0438\u043c\u0443\u0454 \u0456\u043d\u0434\u0438\u0432\u0456\u0434\u0443\u0430\u043b\u044c\u043d\u0438\u0439 \u0440\u043e\u0437\u0432\u0438\u0442\u043e\u043a \u043d\u0430\u0448\u0438\u0445 \u0434\u0456\u0442\u0435\u0439, \u0441\u0442\u0432\u043e\u0440\u044e\u044e\u0447\u0438 \u0441\u0435\u0440\u0435\u0434\u043e\u0432\u0438\u0449\u0435, \u0441\u043f\u0440\u0438\u044f\u044e\u0447\u0435 \u043d\u0430\u0432\u0447\u0430\u043d\u043d\u044e \u0442\u0430 \u0433\u0440\u0456.        <\/div>\n    <\/div>\t\t\t\t<\/div>\n\t\t\t\t<\/div>\n\t\t\t\t<div class=\"elementor-element elementor-element-3fbec8d elementor-widget elementor-widget-cms_image_single\" data-id=\"3fbec8d\" data-element_type=\"widget\" data-widget_type=\"cms_image_single.default\">\n\t\t\t\t<div class=\"elementor-widget-container\">\n\t\t\t\t\t<div class=\"cms-image-single animation-none wow flash\">\n            <div class=\"cms-img-box\">\n                            <img decoding=\"async\" width=\"99\" height=\"23\" src=\"https:\/\/www.jacek-agatka.pl\/wp-content\/uploads\/2020\/08\/image-bee.png\" class=\"attachment-full size-full wp-image-849\" alt=\"Kindori\" \/>                    <\/div>\n    <\/div>\t\t\t\t<\/div>\n\t\t\t\t<\/div>\n\t\t            <\/div>\n        <\/div>\n        \t\t\t<\/div>\n\t\t<\/section>\n\t\t<div class=\"elementor-element elementor-element-52263e4 e-flex e-con-boxed e-con e-parent\" data-id=\"52263e4\" data-element_type=\"container\">\n\t\t\t\t\t<div class=\"e-con-inner\">\n\t\t\t\t<div class=\"elementor-element elementor-element-dff38d5 elementor-widget elementor-widget-text-editor\" data-id=\"dff38d5\" data-element_type=\"widget\" data-widget_type=\"text-editor.default\">\n\t\t\t\t<div class=\"elementor-widget-container\">\n\t\t\t\t\t\t\t\t\t<p>\u0420\u0435\u043a\u0440\u0443\u0442\u0430\u0446\u0456\u044f \u0434\u043e \u041f\u0440\u0438\u0432\u0430\u0442\u043d\u043e\u0433\u043e \u0434\u0438\u0442\u044f\u0447\u043e\u0433\u043e \u0441\u0430\u0434\u043a\u0430 \"Jacek i Agatka\" \u043f\u0440\u043e\u0432\u043e\u0434\u0438\u0442\u044c\u0441\u044f \u0431\u0435\u0437\u043f\u0435\u0440\u0435\u0440\u0432\u043d\u043e \u043f\u0440\u043e\u0442\u044f\u0433\u043e\u043c \u0443\u0441\u044c\u043e\u0433\u043e \u043d\u0430\u0432\u0447\u0430\u043b\u044c\u043d\u043e\u0433\u043e \u0440\u043e\u043a\u0443.<\/p><p><strong>\u041c\u0438 \u043c\u0430\u0454\u043c\u043e 2 \u0433\u0440\u0443\u043f\u0438:<\/strong><br \/>\u0413\u0440\u0443\u043f\u0430 I \u2013 \u00ab\u041a\u0430\u0447\u0435\u043d\u044f\u0442\u0430\u00bb<br \/>\u0413\u0440\u0443\u043f\u0430 II \u2013 \u00ab\u0421\u043e\u043d\u0435\u0447\u043a\u0430\u00bb<\/p><p>\u041c\u0438 \u043f\u0440\u0438\u0439\u043c\u0430\u0454\u043c\u043e \u0434\u0456\u0442\u0435\u0439 \u0437 \u0423\u043a\u0440\u0430\u0457\u043d\u0438 \u0434\u043e \u0433\u0440\u0443\u043f\u0438 \u0443\u043a\u0440\u0430\u0457\u043d\u0441\u044c\u043a\u0438\u0445 \u0434\u0456\u0442\u0435\u0439, \u044f\u043a\u0443 \u0432\u0435\u0434\u0435 \u0443\u043a\u0440\u0430\u0457\u043d\u0441\u044c\u043a\u0430 \u0432\u0447\u0438\u0442\u0435\u043b\u044c\u043a\u0430.<\/p><p><strong>Formularz zapisu:<\/strong><\/p><table style=\"border: 1px solid #0049B1;\"><tbody><tr style=\"border: 1px solid #0049B1;\"><th style=\"border: 1px solid #0049B1;\">\u0412\u0441\u0442\u0443\u043f\u043d\u0438\u0439 \u0432\u043d\u0435\u0441\u043e\u043a (\u043e\u0434\u043d\u043e\u0440\u0430\u0437\u043e\u0432\u0438\u0439)<\/th><th style=\"border: 1px solid #0049B1;\">\u0429\u043e\u043c\u0456\u0441\u044f\u0447\u043d\u0430 \u043e\u043f\u043b\u0430\u0442\u0430<\/th><th style=\"border: 1px solid #0049B1;\">\u0429\u043e\u043c\u0456\u0441\u044f\u0447\u043d\u0430 \u043e\u043f\u043b\u0430\u0442\u0430 \u0434\u043b\u044f \u0434\u0456\u0442\u0435\u0439 \u0434\u043e 2,5 \u0440\u043e\u043a\u0456\u0432<\/th><\/tr><tr style=\"border: 1px solid #0049B1;\"><td style=\"border: 1px solid #0049B1;\">800 \u0437\u043b<\/td><td style=\"border: 1px solid #0049B1;\">900 \u0437\u043b + \u0445\u0430\u0440\u0447\u0443\u0432\u0430\u043d\u043d\u044f<\/td><td style=\"border: 1px solid #0049B1;\">1100 \u0437\u043b + \u0445\u0430\u0440\u0447\u0443\u0432\u0430\u043d\u043d\u044f<\/td><\/tr><\/tbody><\/table><p><strong>\u041d\u043e\u043c\u0435\u0440 \u0440\u0430\u0445\u0443\u043d\u043a\u0443:<\/strong> <strong>60 1160 2202 0000 0001 9699 0040<\/strong><\/p><p><em>*\u041e\u043f\u043b\u0430\u0442\u0438 \u043f\u0440\u043e\u0432\u043e\u0434\u0438\u043c\u043e \u0434\u043e 4-\u0433\u043e \u0447\u0438\u0441\u043b\u0430 \u043a\u043e\u0436\u043d\u043e\u0433\u043e \u043c\u0456\u0441\u044f\u0446\u044f.<\/em><\/p><p><a href=\"https:\/\/server664076.nazwa.pl\/jia\/wyzywienie\/\">\u0426\u0456\u043b\u043e\u0434\u043e\u0431\u043e\u0432\u0435 \u0445\u0430\u0440\u0447\u0443\u0432\u0430\u043d\u043d\u044f \u2013 \u041d\u0430\u0442\u0438\u0441\u043d\u0456\u0442\u044c, \u0449\u043e\u0431 \u043f\u0435\u0440\u0435\u0439\u0442\u0438 \u0434\u043e \u0456\u043d\u0444\u043e\u0440\u043c\u0430\u0446\u0456\u0457<\/a><\/p><p>\u0423\u0447\u0430\u0441\u0442\u044c \u0443 \u0432\u0441\u0456\u0445 \u0437\u0430\u043d\u044f\u0442\u0442\u044f\u0445 \u2013 \u041d\u0430\u0442\u0438\u0441\u043d\u0456\u0442\u044c, \u0449\u043e\u0431 \u043f\u0435\u0440\u0435\u0439\u0442\u0438 \u0434\u043e \u0456\u043d\u0444\u043e\u0440\u043c\u0430\u0446\u0456\u0457 <a href=\"https:\/\/server664076.nazwa.pl\/jia\/zajecia\/\">Kliknij, aby przej\u015b\u0107 do informacji<\/a><\/p><p>\u0417\u041d\u0418\u0416\u041a\u0410 150 \u0417\u041b\u041e\u0422\u0418\u0425 \u041d\u0410 \u041d\u0410\u0421\u0422\u0423\u041f\u041d\u0423 \u0414\u0418\u0422\u0418\u041d\u0423 \u0412 \u0414\u0418\u0422\u042f\u0427\u041e\u041c\u0423 \u0421\u0410\u0414\u041a\u0423 (\u0411\u0420\u0410\u0422\u0418\/\u0421\u0415\u0421\u0422\u0420\u0418)<\/p>\t\t\t\t\t\t\t\t<\/div>\n\t\t\t\t<\/div>\n\t\t\t\t\t<\/div>\n\t\t\t\t<\/div>\n\t\t\t\t<\/div>","protected":false},"excerpt":{"rendered":"<p>Zapisy i op\u0142aty W naszym przedszkolu szczycimy si\u0119 do\u015bwiadczon\u0105 i pe\u0142n\u0105 pasji kadr\u0105 pedagogiczn\u0105, kt\u00f3ra ka\u017cdego dnia z zaanga\u017cowaniem wspiera indywidualny rozw\u00f3j naszych przedszkolak\u00f3w, tworz\u0105c \u015brodowisko sprzyjaj\u0105ce nauce i zabawie. Rekrutacja w Niepublicznym Przedszkolu Jacek i Agatka odbywa si\u0119 w spos\u00f3b ci\u0105g\u0142y w trakcie ca\u0142ego roku szkolnego. Dysponujemy 2 grupami:Grupa I \u2013 KaczuszkiGrupa II \u2013 [&hellip;]<\/p>","protected":false},"author":1,"featured_media":0,"parent":0,"menu_order":0,"comment_status":"closed","ping_status":"closed","template":"","meta":{"footnotes":""},"class_list":["post-4929","page","type-page","status-publish","hentry"],"_links":{"self":[{"href":"https:\/\/www.jacek-agatka.pl\/uk\/wp-json\/wp\/v2\/pages\/4929","targetHints":{"allow":["GET"]}}],"collection":[{"href":"https:\/\/www.jacek-agatka.pl\/uk\/wp-json\/wp\/v2\/pages"}],"about":[{"href":"https:\/\/www.jacek-agatka.pl\/uk\/wp-json\/wp\/v2\/types\/page"}],"author":[{"embeddable":true,"href":"https:\/\/www.jacek-agatka.pl\/uk\/wp-json\/wp\/v2\/users\/1"}],"replies":[{"embeddable":true,"href":"https:\/\/www.jacek-agatka.pl\/uk\/wp-json\/wp\/v2\/comments?post=4929"}],"version-history":[{"count":19,"href":"https:\/\/www.jacek-agatka.pl\/uk\/wp-json\/wp\/v2\/pages\/4929\/revisions"}],"predecessor-version":[{"id":5189,"href":"https:\/\/www.jacek-agatka.pl\/uk\/wp-json\/wp\/v2\/pages\/4929\/revisions\/5189"}],"wp:attachment":[{"href":"https:\/\/www.jacek-agatka.pl\/uk\/wp-json\/wp\/v2\/media?parent=4929"}],"curies":[{"name":"wp","href":"https:\/\/api.w.org\/{rel}","templated":true}]}}