{"id":4932,"date":"2024-01-03T21:34:22","date_gmt":"2024-01-03T21:34:22","guid":{"rendered":"https:\/\/server664076.nazwa.pl\/jia\/?page_id=4932"},"modified":"2024-09-23T11:18:50","modified_gmt":"2024-09-23T11:18:50","slug":"wyprawka-przedszkolaka","status":"publish","type":"page","link":"https:\/\/www.jacek-agatka.pl\/uk\/wyprawka-przedszkolaka\/","title":{"rendered":"\u0412\u0438\u043f\u0440\u0430\u0432\u043a\u0430"},"content":{"rendered":"<div data-elementor-type=\"wp-page\" data-elementor-id=\"4932\" class=\"elementor elementor-4932\">\n\t\t\t\t        <section class=\"elementor-section elementor-top-section elementor-element elementor-element-c774568 elementor-section-boxed elementor-section-height-default elementor-section-height-default\" data-id=\"c774568\" data-element_type=\"section\">\n\t\t\n\t\t        <div class=\"elementor-container elementor-column-gap-default\" >\n\t\t        <div class=\"elementor-column elementor-col-100 elementor-top-column elementor-element elementor-element-f9caa2e\" data-id=\"f9caa2e\" data-element_type=\"column\">\n            <div class=\"elementor-widget-wrap elementor-element-populated\">\n                \t\t<div class=\"elementor-element elementor-element-a6c9853 elementor-widget elementor-widget-cms_image_single\" data-id=\"a6c9853\" data-element_type=\"widget\" data-widget_type=\"cms_image_single.default\">\n\t\t\t\t<div class=\"elementor-widget-container\">\n\t\t\t\t\t<div class=\"cms-image-single animation-none wow flash\">\n            <div class=\"cms-img-box\">\n                            <img fetchpriority=\"high\" decoding=\"async\" width=\"512\" height=\"512\" src=\"https:\/\/www.jacek-agatka.pl\/wp-content\/uploads\/2020\/08\/kindergarten.png\" class=\"attachment-full size-full wp-image-1687\" alt=\"Kindori\" srcset=\"https:\/\/www.jacek-agatka.pl\/wp-content\/uploads\/2020\/08\/kindergarten.png 512w, https:\/\/www.jacek-agatka.pl\/wp-content\/uploads\/2020\/08\/kindergarten-500x500.png 500w, https:\/\/www.jacek-agatka.pl\/wp-content\/uploads\/2020\/08\/kindergarten-300x300.png 300w, https:\/\/www.jacek-agatka.pl\/wp-content\/uploads\/2020\/08\/kindergarten-150x150.png 150w, https:\/\/www.jacek-agatka.pl\/wp-content\/uploads\/2020\/08\/kindergarten-160x160.png 160w, https:\/\/www.jacek-agatka.pl\/wp-content\/uploads\/2020\/08\/kindergarten-70x70.png 70w, https:\/\/www.jacek-agatka.pl\/wp-content\/uploads\/2020\/08\/kindergarten-460x460.png 460w\" sizes=\"(max-width: 512px) 100vw, 512px\" \/>                    <\/div>\n    <\/div>\t\t\t\t<\/div>\n\t\t\t\t<\/div>\n\t\t\t\t<div class=\"elementor-element elementor-element-cd29d72 elementor-widget elementor-widget-cms_heading\" data-id=\"cd29d72\" data-element_type=\"widget\" data-widget_type=\"cms_heading.default\">\n\t\t\t\t<div class=\"elementor-widget-container\">\n\t\t\t\t\t<div class=\"cms-heading-wrapper cms-heading-layout1\">\n    \n            <h3 class=\"custom-heading\">\n            <span                 >\n                \u0412\u0438\u043f\u0440\u0430\u0432\u043a\u0430\n<\/span>\n        <\/h3>\n        \n            <div class=\"custom-heading-description\">\n            \u041f\u0456\u0434\u0433\u043e\u0442\u043e\u0432\u043a\u0430 \u0434\u043e \u0434\u0438\u0442\u044f\u0447\u043e\u0433\u043e \u0441\u0430\u0434\u043a\u0430 \u2013 \u0446\u0435 \u0437\u0430\u0445\u043e\u043f\u043b\u044e\u044e\u0447\u0438\u0439 \u0447\u0430\u0441 \u044f\u043a \u0434\u043b\u044f \u0434\u0456\u0442\u0435\u0439, \u0442\u0430\u043a \u0456 \u0434\u043b\u044f \u0431\u0430\u0442\u044c\u043a\u0456\u0432. \u0423 \"\u042f\u0446\u0435\u043a\u0443 \u0456 \u0410\u0433\u0430\u0442\u0446\u0456\" \u043c\u0438 \u0445\u043e\u0447\u0435\u043c\u043e \u043f\u043e\u043b\u0435\u0433\u0448\u0438\u0442\u0438 \u0446\u0435\u0439 \u043a\u0440\u043e\u043a, \u043d\u0430\u0434\u0430\u044e\u0447\u0438 \u0441\u043f\u0438\u0441\u043e\u043a \u043d\u0435\u043e\u0431\u0445\u0456\u0434\u043d\u0438\u0445 \u0440\u0435\u0447\u0435\u0439, \u044f\u043a\u0456 \u0434\u043e\u043f\u043e\u043c\u043e\u0436\u0443\u0442\u044c \u0432\u0430\u0448\u0456\u0439 \u0434\u0438\u0442\u0438\u043d\u0456 \u043f\u043e\u0447\u0443\u0432\u0430\u0442\u0438\u0441\u044f \u043a\u043e\u043c\u0444\u043e\u0440\u0442\u043d\u043e \u043a\u043e\u0436\u043d\u043e\u0433\u043e \u0434\u043d\u044f, \u043f\u043e\u0432\u043d\u043e\u0433\u043e \u043d\u043e\u0432\u0438\u0445 \u043f\u0440\u0438\u0433\u043e\u0434.         <\/div>\n    <\/div>\t\t\t\t<\/div>\n\t\t\t\t<\/div>\n\t\t\t\t<div class=\"elementor-element elementor-element-b9d059a elementor-widget elementor-widget-cms_image_single\" data-id=\"b9d059a\" data-element_type=\"widget\" data-widget_type=\"cms_image_single.default\">\n\t\t\t\t<div class=\"elementor-widget-container\">\n\t\t\t\t\t<div class=\"cms-image-single animation-none wow flash\">\n            <div class=\"cms-img-box\">\n                            <img decoding=\"async\" width=\"99\" height=\"23\" src=\"https:\/\/www.jacek-agatka.pl\/wp-content\/uploads\/2020\/08\/image-bee.png\" class=\"attachment-full size-full wp-image-849\" alt=\"Kindori\" \/>                    <\/div>\n    <\/div>\t\t\t\t<\/div>\n\t\t\t\t<\/div>\n\t\t            <\/div>\n        <\/div>\n        \t\t\t<\/div>\n\t\t<\/section>\n\t\t<div class=\"elementor-element elementor-element-e79030f e-flex e-con-boxed e-con e-parent\" data-id=\"e79030f\" data-element_type=\"container\">\n\t\t\t\t\t<div class=\"e-con-inner\">\n\t\t\t\t<div class=\"elementor-element elementor-element-0e30726 elementor-widget elementor-widget-text-editor\" data-id=\"0e30726\" data-element_type=\"widget\" data-widget_type=\"text-editor.default\">\n\t\t\t\t<div class=\"elementor-widget-container\">\n\t\t\t\t\t\t\t\t\t<p>\u0429\u043e\u0431 \u0434\u0438\u0442\u0438\u043d\u0430 \u043f\u043e\u0447\u0443\u0432\u0430\u043b\u0430\u0441\u044f \u043a\u043e\u043c\u0444\u043e\u0440\u0442\u043d\u043e \u0432 \u0434\u0438\u0442\u044f\u0447\u043e\u043c\u0443 \u0441\u0430\u0434\u043a\u0443, \u0432\u043e\u043d\u0430 \u043f\u043e\u0432\u0438\u043d\u043d\u0430 \u043c\u0430\u0442\u0438 \u0442\u0430\u043a\u0456 \u0440\u0435\u0447\u0456:<\/p><p>- \u041a\u043e\u043c\u043f\u043b\u0435\u043a\u0442 \u0437\u0430\u043f\u0430\u0441\u043d\u043e\u0433\u043e \u043e\u0434\u044f\u0433\u0443 (\u0444\u0443\u0442\u0431\u043e\u043b\u043a\u0430, \u043a\u043e\u0444\u0442\u0430 \u0437 \u0434\u043e\u0432\u0433\u0438\u043c \u0440\u0443\u043a\u0430\u0432\u043e\u043c, \u0448\u043a\u0430\u0440\u043f\u0435\u0442\u043a\u0438, \u0442\u0440\u0443\u0441\u0438\u043a\u0438, \u0448\u0442\u0430\u043d\u0438)<br \/>- \u041a\u0430\u043f\u0446\u0456 \u2013 \u0437\u0440\u0443\u0447\u043d\u0456 \u0442\u0430 \u0434\u043e\u0431\u0440\u0435 \u043f\u0456\u0434\u0456\u0431\u0440\u0430\u043d\u0456, \u043b\u0435\u0433\u043a\u0456 \u0434\u043b\u044f \u0441\u0430\u043c\u043e\u0441\u0442\u0456\u0439\u043d\u043e\u0433\u043e \u0432\u0437\u0443\u0432\u0430\u043d\u043d\u044f<br \/>- \u041f\u043e\u0441\u0442\u0456\u043b\u044c\u043d\u0430 \u0431\u0456\u043b\u0438\u0437\u043d\u0430 \u0434\u043b\u044f \u043b\u0435\u0436\u0430\u043a\u0430 (\u043b\u0435\u0436\u0430\u043a \u043c\u0430\u0454 \u0440\u043e\u0437\u043c\u0456\u0440\u0438 60x135 \u0441\u043c)<br \/>- \u0411\u0456\u0434\u043e\u043d \u0434\u043b\u044f \u043f\u0438\u0442\u043d\u043e\u0457 \u0432\u043e\u0434\u0438<br \/>- \u041f\u0430\u0447\u043a\u0430 \u043f\u0456\u0434\u0433\u0443\u0437\u043a\u0456\u0432 (\u044f\u043a\u0449\u043e \u0434\u0438\u0442\u0438\u043d\u0430 \u0457\u0445 \u0432\u0438\u043a\u043e\u0440\u0438\u0441\u0442\u043e\u0432\u0443\u0454)<\/p><p>\u0423\u0441\u0456 \u0435\u043b\u0435\u043c\u0435\u043d\u0442\u0438 \u0432\u0438\u043f\u0440\u0430\u0432\u043a\u0438 \u043f\u043e\u0432\u0438\u043d\u043d\u0456 \u0431\u0443\u0442\u0438 \u043d\u0430\u0434\u0456\u0439\u043d\u043e \u043f\u0456\u0434\u043f\u0438\u0441\u0430\u043d\u0456.<\/p>\t\t\t\t\t\t\t\t<\/div>\n\t\t\t\t<\/div>\n\t\t\t\t\t<\/div>\n\t\t\t\t<\/div>\n\t\t\t\t<\/div>","protected":false},"excerpt":{"rendered":"<p>Wyprawka przedszkolaka Przygotowanie do przedszkola to ekscytuj\u0105cy czas zar\u00f3wno dla dzieci, jak i rodzic\u00f3w. W &#8220;Jacku i Agatce&#8221; chcemy u\u0142atwi\u0107 ten krok, dostarczaj\u0105c list\u0119 niezb\u0119dnych przedmiot\u00f3w, kt\u00f3re pomog\u0105 Twojemu dziecku czu\u0107 si\u0119 komfortowo na ka\u017cdy dzie\u0144 pe\u0142en nowych przyg\u00f3d. Aby dziecko czu\u0142o si\u0119 w przedszkolu komfortowo powinno by\u0107 zaopatrzone w nast\u0119puj\u0105ce rzeczy: \u2022 komplet zapasowej [&hellip;]<\/p>","protected":false},"author":1,"featured_media":5100,"parent":0,"menu_order":0,"comment_status":"closed","ping_status":"closed","template":"","meta":{"footnotes":""},"class_list":["post-4932","page","type-page","status-publish","has-post-thumbnail","hentry"],"_links":{"self":[{"href":"https:\/\/www.jacek-agatka.pl\/uk\/wp-json\/wp\/v2\/pages\/4932","targetHints":{"allow":["GET"]}}],"collection":[{"href":"https:\/\/www.jacek-agatka.pl\/uk\/wp-json\/wp\/v2\/pages"}],"about":[{"href":"https:\/\/www.jacek-agatka.pl\/uk\/wp-json\/wp\/v2\/types\/page"}],"author":[{"embeddable":true,"href":"https:\/\/www.jacek-agatka.pl\/uk\/wp-json\/wp\/v2\/users\/1"}],"replies":[{"embeddable":true,"href":"https:\/\/www.jacek-agatka.pl\/uk\/wp-json\/wp\/v2\/comments?post=4932"}],"version-history":[{"count":13,"href":"https:\/\/www.jacek-agatka.pl\/uk\/wp-json\/wp\/v2\/pages\/4932\/revisions"}],"predecessor-version":[{"id":5135,"href":"https:\/\/www.jacek-agatka.pl\/uk\/wp-json\/wp\/v2\/pages\/4932\/revisions\/5135"}],"wp:featuredmedia":[{"embeddable":true,"href":"https:\/\/www.jacek-agatka.pl\/uk\/wp-json\/wp\/v2\/media\/5100"}],"wp:attachment":[{"href":"https:\/\/www.jacek-agatka.pl\/uk\/wp-json\/wp\/v2\/media?parent=4932"}],"curies":[{"name":"wp","href":"https:\/\/api.w.org\/{rel}","templated":true}]}}